{"id":5732,"date":"2015-12-15T07:37:33","date_gmt":"2015-12-15T07:37:33","guid":{"rendered":"http:\/\/consultall.stm\/?page_id=9"},"modified":"2026-03-05T09:57:13","modified_gmt":"2026-03-05T06:57:13","slug":"who-are-we","status":"publish","type":"page","link":"https:\/\/www.sellerpeak.net\/en\/who-are-we\/","title":{"rendered":"Who We Are"},"content":{"rendered":"\t\t<div data-elementor-type=\"wp-page\" data-elementor-id=\"5732\" class=\"elementor elementor-5732\" data-elementor-post-type=\"page\">\n\t\t\t\t<div class=\"elementor-element elementor-element-849962a e-flex e-con-boxed e-con e-parent\" data-id=\"849962a\" data-element_type=\"container\" data-e-type=\"container\" data-settings=\"{&quot;background_background&quot;:&quot;classic&quot;}\">\n\t\t\t\t\t<div class=\"e-con-inner\">\n\t\t\t\t\t<\/div>\n\t\t\t\t<\/div>\n\t\t<div class=\"elementor-element elementor-element-861361d e-flex e-con-boxed e-con e-parent\" data-id=\"861361d\" data-element_type=\"container\" data-e-type=\"container\">\n\t\t\t\t\t<div class=\"e-con-inner\">\n\t\t<div class=\"elementor-element elementor-element-f580d84 e-con-full e-flex e-con e-child\" data-id=\"f580d84\" data-element_type=\"container\" data-e-type=\"container\">\n\t\t<div class=\"elementor-element elementor-element-67aaa07 e-con-full e-flex elementor-invisible e-con e-child\" data-id=\"67aaa07\" data-element_type=\"container\" data-e-type=\"container\" data-settings=\"{&quot;animation&quot;:&quot;fadeInDown&quot;}\">\n\t\t\t\t<div class=\"elementor-element elementor-element-63d7531 elementor-widget elementor-widget-vc_custom_heading\" data-id=\"63d7531\" data-element_type=\"widget\" data-e-type=\"widget\" data-widget_type=\"vc_custom_heading.default\">\n\t\t\t\t<div class=\"elementor-widget-container\">\n\t\t\t\t\t<div class=\" vc_custom_heading no_stripe consulting_heading_font  text_align_left\" ><h4 style=\"color: #222222;text-align: left;font-weight:700\" class=\"consulting-custom-title\">Hakk\u0131m\u0131zda\n<\/h4><\/div>\t\t\t\t<\/div>\n\t\t\t\t<\/div>\n\t\t\t\t<div class=\"elementor-element elementor-element-8cededb elementor-widget elementor-widget-text-editor\" data-id=\"8cededb\" data-element_type=\"widget\" data-e-type=\"widget\" data-widget_type=\"text-editor.default\">\n\t\t\t\t\t\t\t\t\t<p><span style=\"font-weight: 400;\">10 y\u0131ll\u0131k deneyim: Seller Peak, Amazon, Trendyol, Hepsiburada ve global pazaryerlerinde <\/span><b>10 y\u0131l\u0131 a\u015fk\u0131n sahadan gelen deneyimiyle<\/b><span style=\"font-weight: 400;\"> markalar\u0131n nas\u0131l sat\u0131\u015f yapt\u0131\u011f\u0131n\u0131 de\u011fil, <\/span><b>nas\u0131l domine etti\u011fini<\/b><span style=\"font-weight: 400;\"> bilen bir b\u00fcy\u00fcme partneridir. Kendi markalar\u0131yla, kendi b\u00fct\u00e7eleriyle ve ger\u00e7ek verilerle test edilmi\u015f stratejilerle \u00e7al\u0131\u015f\u0131r; hesap y\u00f6netmez, <\/span><b>pazaryerlerinde kazanan markalar in\u015fa eder.<\/b><\/p>\n\t\t\t\t\t\t\t\t<\/div>\n\t\t\t\t<\/div>\n\t\t<div class=\"elementor-element elementor-element-b798fd2 e-con-full e-flex e-con e-child\" data-id=\"b798fd2\" data-element_type=\"container\" data-e-type=\"container\">\n\t\t<div class=\"elementor-element elementor-element-3539d44 e-con-full e-flex elementor-invisible e-con e-child\" data-id=\"3539d44\" data-element_type=\"container\" data-e-type=\"container\" data-settings=\"{&quot;animation&quot;:&quot;fadeInLeft&quot;}\">\n\t\t\t\t<div class=\"elementor-element elementor-element-ca6f414 elementor-widget elementor-widget-vc_custom_heading\" data-id=\"ca6f414\" data-element_type=\"widget\" data-e-type=\"widget\" data-widget_type=\"vc_custom_heading.default\">\n\t\t\t\t<div class=\"elementor-widget-container\">\n\t\t\t\t\t<div class=\" vc_custom_heading no_stripe consulting_heading_font  text_align_left\" ><h4 style=\"color: #222222;text-align: left;font-weight:700\" class=\"consulting-custom-title\">Vizyonumuz\n<\/h4><\/div>\t\t\t\t<\/div>\n\t\t\t\t<\/div>\n\t\t\t\t<div class=\"elementor-element elementor-element-cf2e028 elementor-widget elementor-widget-text-editor\" data-id=\"cf2e028\" data-element_type=\"widget\" data-e-type=\"widget\" data-widget_type=\"text-editor.default\">\n\t\t\t\t\t\t\t\t\t<p><span data-contrast=\"auto\">Seller\u00a0Peak\u2019in\u00a0vizyonu;<\/span>\u00a0<\/p>\n<p><span data-contrast=\"auto\">T\u00fcrkiye\u2019den \u00e7\u0131kan markalar\u0131n\u00a0<\/span><strong><span data-contrast=\"auto\">global pazaryerlerinde g\u00fc\u00e7l\u00fc, k\u00e2rl\u0131 ve kal\u0131c\u0131 oyuncular<\/span><\/strong><span data-contrast=\"auto\">\u00a0haline gelmesine liderlik etmektir.<\/span><\/p>\n<p><span data-contrast=\"auto\">Uzun vadede;<\/span><\/p>\n<ul>\n<li data-leveltext=\"\uf0b7\" data-font=\"Symbol\" data-listid=\"1\" data-list-defn-props=\"{&quot;335552541&quot;:1,&quot;335559685&quot;:720,&quot;335559991&quot;:360,&quot;469769226&quot;:&quot;Symbol&quot;,&quot;469769242&quot;:[8226],&quot;469777803&quot;:&quot;left&quot;,&quot;469777804&quot;:&quot;\uf0b7&quot;,&quot;469777815&quot;:&quot;multilevel&quot;}\" data-aria-posinset=\"1\" data-aria-level=\"1\"><span data-contrast=\"auto\">E-ticaret departmanlar\u0131n\u0131 d\u0131\u015far\u0131dan y\u00f6neten,<\/span><\/li>\n<\/ul>\n<ul>\n<li data-leveltext=\"\uf0b7\" data-font=\"Symbol\" data-listid=\"1\" data-list-defn-props=\"{&quot;335552541&quot;:1,&quot;335559685&quot;:720,&quot;335559991&quot;:360,&quot;469769226&quot;:&quot;Symbol&quot;,&quot;469769242&quot;:[8226],&quot;469777803&quot;:&quot;left&quot;,&quot;469777804&quot;:&quot;\uf0b7&quot;,&quot;469777815&quot;:&quot;multilevel&quot;}\" data-aria-posinset=\"2\" data-aria-level=\"1\"><span data-contrast=\"auto\">Veri, reklam ve operasyonu tek merkezden optimize eden,<\/span><\/li>\n<\/ul>\n<ul>\n<li data-leveltext=\"\uf0b7\" data-font=\"Symbol\" data-listid=\"1\" data-list-defn-props=\"{&quot;335552541&quot;:1,&quot;335559685&quot;:720,&quot;335559991&quot;:360,&quot;469769226&quot;:&quot;Symbol&quot;,&quot;469769242&quot;:[8226],&quot;469777803&quot;:&quot;left&quot;,&quot;469777804&quot;:&quot;\uf0b7&quot;,&quot;469777815&quot;:&quot;multilevel&quot;}\" data-aria-posinset=\"3\" data-aria-level=\"1\"><span data-contrast=\"auto\">Markalar i\u00e7in\u00a0<\/span><strong><span data-contrast=\"auto\">b\u00fcy\u00fcmenin stratejik orta\u011f\u0131<\/span><\/strong><span data-contrast=\"auto\">\u00a0olarak konumlanan<\/span><\/li>\n<\/ul>\n<p><span data-contrast=\"auto\">en\u00a0g\u00fcvenilir e-ticaret &amp; e-ihracat dan\u0131\u015fmanl\u0131k markalar\u0131ndan biri olmay\u0131 hedefliyoruz.<\/span><\/p>\n\t\t\t\t\t\t\t\t<\/div>\n\t\t\t\t<\/div>\n\t\t<div class=\"elementor-element elementor-element-6f7fcca e-con-full e-flex elementor-invisible e-con e-child\" data-id=\"6f7fcca\" data-element_type=\"container\" data-e-type=\"container\" data-settings=\"{&quot;animation&quot;:&quot;fadeInRight&quot;}\">\n\t\t\t\t<div class=\"elementor-element elementor-element-bac5490 elementor-widget elementor-widget-vc_custom_heading\" data-id=\"bac5490\" data-element_type=\"widget\" data-e-type=\"widget\" data-widget_type=\"vc_custom_heading.default\">\n\t\t\t\t<div class=\"elementor-widget-container\">\n\t\t\t\t\t<div class=\" vc_custom_heading no_stripe consulting_heading_font  text_align_left\" ><h4 style=\"color: #222222;text-align: left;font-weight:700\" class=\"consulting-custom-title\">Misyonumuz\n<\/h4><\/div>\t\t\t\t<\/div>\n\t\t\t\t<\/div>\n\t\t\t\t<div class=\"elementor-element elementor-element-ebd442f elementor-widget elementor-widget-text-editor\" data-id=\"ebd442f\" data-element_type=\"widget\" data-e-type=\"widget\" data-widget_type=\"text-editor.default\">\n\t\t\t\t\t\t\t\t\t<p><span data-contrast=\"auto\">Seller\u00a0Peak\u00a0olarak misyonumuz;<\/span>\u00a0<\/p>\n<p><span data-contrast=\"auto\">Markalar\u0131n e-ticaret ve pazaryeri d\u00fcnyas\u0131nda <\/span><strong><span data-contrast=\"auto\">rastgele kararlar yerine veriyle<\/span><\/strong><span data-contrast=\"auto\">,\u00a0<\/span><strong><span data-contrast=\"auto\">deneme-yan\u0131lma yerine stratejiyle<\/span><\/strong><span data-contrast=\"auto\">\u00a0b\u00fcy\u00fcmesini sa\u011flamakt\u0131r.<\/span><\/p>\n<p><span data-contrast=\"auto\">Amazon, Trendyol,\u00a0Hepsiburada\u00a0ve global pazaryerlerinde faaliyet g\u00f6steren markalara;<\/span>\u00a0<br \/><span data-contrast=\"auto\">sat\u0131\u015f art\u0131rmaya odakl\u0131, s\u00fcrd\u00fcr\u00fclebilir ve \u00f6l\u00e7\u00fclebilir b\u00fcy\u00fcme modelleri sunar\u0131z.<\/span>\u00a0<br \/><span data-contrast=\"auto\">Her markay\u0131 kendi i\u015fi gibi sahiplenir, yaln\u0131zca \u201chesap y\u00f6neten\u201d de\u011fil\u00a0<\/span><strong><span data-contrast=\"auto\">sonu\u00e7 \u00fcreten bir\u00a0growth\u00a0partner<\/span><\/strong><span data-contrast=\"auto\">\u00a0olarak konumlan\u0131r\u0131z.<\/span><\/p>\n\t\t\t\t\t\t\t\t<\/div>\n\t\t\t\t<\/div>\n\t\t\t\t<\/div>\n\t\t\t\t<\/div>\n\t\t<div class=\"elementor-element elementor-element-0d7c936 e-con-full e-flex e-con e-child\" data-id=\"0d7c936\" data-element_type=\"container\" data-e-type=\"container\" data-settings=\"{&quot;sticky&quot;:&quot;top&quot;,&quot;sticky_parent&quot;:&quot;yes&quot;,&quot;sticky_on&quot;:[&quot;desktop&quot;],&quot;sticky_offset&quot;:1,&quot;sticky_effects_offset&quot;:1,&quot;sticky_anchor_link_offset&quot;:1}\">\n\t\t\t\t<div class=\"elementor-element elementor-element-137df95 elementor-widget elementor-widget-html\" data-id=\"137df95\" data-element_type=\"widget\" data-e-type=\"widget\" data-widget_type=\"html.default\">\n\t\t\t\t\t<aside class=\"sidebar-menu\">\n  <nav>\n    <ul>\n      <li><a href=\"http:\/\/www.sellerpeak.net\/biz-kimiz\/\">Biz Kimiz<\/a><\/li>\n      <li><a href=\"http:\/\/www.sellerpeak.net\/referans\">Referanslar<\/a><\/li>\n     <li><a href=\"http:\/\/www.sellerpeak.net\/sikca-sorulan-sorular\/\">S\u0131k\u00e7a Sorulan Sorular<\/a><\/li>\n    <\/ul>\n  <\/nav>\n<\/aside>\n\n<style>\n\/* ======================================\n   SIDEBAR MENU \u2013 NAVIGATION STYLE\n   ====================================== *\/\n\n.sidebar-menu {\n  width: 260px;\n  padding: 24px 0;\n  border-right: 1px solid rgba(11,31,51,0.08);\n}\n\n\/* Liste *\/\n.sidebar-menu ul {\n  list-style: none;\n  margin: 0;\n  padding: 0;\n}\n\n\/* Item *\/\n.sidebar-menu li {\n  position: relative;\n}\n\n\/* Link *\/\n.sidebar-menu a {\n  display: block;\n  padding: 14px 24px;\n\n  font-size: 15px;\n  font-weight: 500;\n  color: #4f6072;\n  text-decoration: none;\n\n  transition: all 0.25s ease;\n}\n\n\/* Hover *\/\n.sidebar-menu a:hover {\n  color: #0b1f33;\n  background: #f4f8fb;\n}\n\n\/* Active state *\/\n.sidebar-menu li.active > a {\n  color: #0b1f33;\n  background: #ffffff;\n  font-weight: 600;\n}\n\n\/* Active \u00e7izgi *\/\n.sidebar-menu li.active > a::before {\n  content: \"\";\n  position: absolute;\n  left: 0;\n  top: 50%;\n  transform: translateY(-50%);\n\n  width: 3px;\n  height: 60%;\n  background: #FF8000;\n  border-radius: 2px;\n}\n\n\/* Mobil *\/\n@media (max-width: 1024px) {\n  .sidebar-menu {\n    width: 100%;\n    border-right: none;\n    border-bottom: 1px solid rgba(11,31,51,0.08);\n  }\n}\n\n    \/* ======================================\n   CONTACT FORM \u2013 SELLER PEAK STYLE\n   ====================================== *\/\n\n\n<\/style>\n<script>\ndocument.addEventListener(\"DOMContentLoaded\", function () {\n  const currentUrl = window.location.href;\n  const menuLinks = document.querySelectorAll(\".sidebar-menu a\");\n\n  menuLinks.forEach(link => {\n    if (currentUrl.includes(link.getAttribute(\"href\"))) {\n      link.parentElement.classList.add(\"active\");\n    }\n  });\n});\n<\/script>\n\t\t\t\t<\/div>\n\t\t\t\t<div class=\"elementor-element elementor-element-a689d5b elementor-widget elementor-widget-heading\" data-id=\"a689d5b\" data-element_type=\"widget\" data-e-type=\"widget\" data-widget_type=\"heading.default\">\n\t\t\t\t\t<h6 class=\"elementor-heading-title elementor-size-default\">Birlikte b\u00fcy\u00fcmeye haz\u0131r m\u0131s\u0131n\u0131z?<\/h6>\t\t\t\t<\/div>\n\t\t\t\t<div class=\"elementor-element elementor-element-6173cb5 contact-form elementor-widget elementor-widget-stm_contact_form_7\" data-id=\"6173cb5\" data-element_type=\"widget\" data-e-type=\"widget\" data-widget_type=\"stm_contact_form_7.default\">\n\t\t\t\t<div class=\"elementor-widget-container\">\n\t\t\t\t\t\n<div class=\"wpcf7 no-js\" id=\"wpcf7-f7725-o1\" lang=\"tr-TR\" dir=\"ltr\" data-wpcf7-id=\"7725\">\n<div class=\"screen-reader-response\"><p role=\"status\" aria-live=\"polite\" aria-atomic=\"true\"><\/p> <ul><\/ul><\/div>\n<form action=\"\/en\/wp-json\/wp\/v2\/pages\/5732#wpcf7-f7725-o1\" method=\"post\" class=\"wpcf7-form init\" aria-label=\"\u0130leti\u015fim Formu\" novalidate=\"novalidate\" data-status=\"init\">\n<fieldset class=\"hidden-fields-container\"><input type=\"hidden\" name=\"_wpcf7\" value=\"7725\" \/><input type=\"hidden\" name=\"_wpcf7_version\" value=\"6.1.5\" \/><input type=\"hidden\" name=\"_wpcf7_locale\" value=\"tr_TR\" \/><input type=\"hidden\" name=\"_wpcf7_unit_tag\" value=\"wpcf7-f7725-o1\" \/><input type=\"hidden\" name=\"_wpcf7_container_post\" value=\"0\" \/><input type=\"hidden\" name=\"_wpcf7_posted_data_hash\" value=\"\" \/>\n<\/fieldset>\n<label> Ad\u0131n\u0131z Ve Soyad\u0131n\u0131z\n    <span class=\"wpcf7-form-control-wrap\" data-name=\"your-name\"><input size=\"40\" maxlength=\"400\" class=\"wpcf7-form-control wpcf7-text wpcf7-validates-as-required\" autocomplete=\"name\" aria-required=\"true\" aria-invalid=\"false\" value=\"\" type=\"text\" name=\"your-name\" \/><\/span> <\/label>\n\n<label> E-posta adresiniz\n    <span class=\"wpcf7-form-control-wrap\" data-name=\"your-email\"><input size=\"40\" maxlength=\"400\" class=\"wpcf7-form-control wpcf7-email wpcf7-validates-as-required wpcf7-text wpcf7-validates-as-email\" autocomplete=\"email\" aria-required=\"true\" aria-invalid=\"false\" value=\"\" type=\"email\" name=\"your-email\" \/><\/span> <\/label>\n\n<label> Konu\n    <span class=\"wpcf7-form-control-wrap\" data-name=\"select-628\"><select class=\"wpcf7-form-control wpcf7-select\" aria-invalid=\"false\" name=\"select-628\"><option value=\"Pazaryeri Y\u00f6netim Hizmetleri\">Pazaryeri Y\u00f6netim Hizmetleri<\/option><option value=\"Pazaryeri Kurulum Hizmetleri\">Pazaryeri Kurulum Hizmetleri<\/option><option value=\"E\u011fitim Hizmetleri\">E\u011fitim Hizmetleri<\/option><option value=\"\u00d6deme Hizmetleri\">\u00d6deme Hizmetleri<\/option><option value=\"\u015eirket Hizmetleri\">\u015eirket Hizmetleri<\/option><option value=\"360\u00b0 Hizmetler\">360\u00b0 Hizmetler<\/option><\/select><\/span><\/label>\n\n<label> \u0130letiniz (tercihe ba\u011fl\u0131)\n    <span class=\"wpcf7-form-control-wrap\" data-name=\"your-message\"><textarea cols=\"40\" rows=\"10\" maxlength=\"2000\" class=\"wpcf7-form-control wpcf7-textarea\" aria-invalid=\"false\" name=\"your-message\"><\/textarea><\/span> <\/label>\n\n<input class=\"wpcf7-form-control wpcf7-submit has-spinner\" type=\"submit\" value=\"G\u00f6nder\" \/><div class=\"wpcf7-response-output\" aria-hidden=\"true\"><\/div>\n<\/form>\n<\/div>\n\t\t\t\t\t\t<\/div>\n\t\t\t\t<\/div>\n\t\t\t\t<div class=\"elementor-element elementor-element-6a2d72a elementor-widget elementor-widget-html\" data-id=\"6a2d72a\" data-element_type=\"widget\" data-e-type=\"widget\" data-widget_type=\"html.default\">\n\t\t\t\t\t<section class=\"contact-cta\">\r\n  <div class=\"cta-inner\">\r\n    <h3>Ya da do\u011frudan bize yaz\u0131n<\/h3>\r\n    <a href=\"mailto:info@sellerpeak.net\" class=\"cta-btn\">Hemen Yaz\u0131n<\/a>\r\n  <\/div>\r\n<\/section>\r\n<style>\r\n    .contact-cta {\r\n  padding: 70px 20px;\r\n  background-image: url('https:\/\/www.sellerpeak.net\/wp-content\/uploads\/2026\/03\/contact.webp')!important;\r\n  text-align: center;\r\n}\r\n\r\n.cta-inner h3 {\r\n  font-size: 28px;\r\n  color: #fff;\r\n  margin-bottom: 25px;\r\n  font-weight: 600;\r\n}\r\n\r\n.cta-btn {\r\n  display: inline-block;\r\n  padding: 15px 40px;\r\n  background: #fff;\r\n  color: #000;\r\n  border-radius: 50px;\r\n  font-size: 15px;\r\n  font-weight: 500;\r\n  text-decoration: none;\r\n  transition: all 0.3s ease;\r\n}\r\n\r\n.cta-btn:hover {\r\n  background: #000;\r\n  color: #fff;\r\n  border: 1px solid #fff;\r\n}\r\n\r\n<\/style>\t\t\t\t<\/div>\n\t\t\t\t<\/div>\n\t\t\t\t\t<\/div>\n\t\t\t\t<\/div>\n\t\t\t\t<\/div>\n\t\t","protected":false},"excerpt":{"rendered":"<p>Hakk\u0131m\u0131zda 10 y\u0131ll\u0131k deneyim: Seller Peak, Amazon, Trendyol, Hepsiburada ve global pazaryerlerinde 10 y\u0131l\u0131 a\u015fk\u0131n sahadan gelen deneyimiyle markalar\u0131n nas\u0131l sat\u0131\u015f yapt\u0131\u011f\u0131n\u0131 de\u011fil, nas\u0131l domine etti\u011fini bilen bir b\u00fcy\u00fcme partneridir. Kendi markalar\u0131yla, kendi b\u00fct\u00e7eleriyle ve ger\u00e7ek verilerle test edilmi\u015f stratejilerle \u00e7al\u0131\u015f\u0131r; hesap y\u00f6netmez, pazaryerlerinde kazanan markalar in\u015fa eder. Vizyonumuz Seller\u00a0Peak\u2019in\u00a0vizyonu;\u00a0 T\u00fcrkiye\u2019den \u00e7\u0131kan markalar\u0131n\u00a0global pazaryerlerinde g\u00fc\u00e7l\u00fc,<\/p>","protected":false},"author":1,"featured_media":0,"parent":0,"menu_order":0,"comment_status":"closed","ping_status":"closed","template":"","meta":{"_acf_changed":false,"footnotes":""},"class_list":["post-5732","page","type-page","status-publish","hentry"],"acf":[],"_links":{"self":[{"href":"https:\/\/www.sellerpeak.net\/en\/wp-json\/wp\/v2\/pages\/5732","targetHints":{"allow":["GET"]}}],"collection":[{"href":"https:\/\/www.sellerpeak.net\/en\/wp-json\/wp\/v2\/pages"}],"about":[{"href":"https:\/\/www.sellerpeak.net\/en\/wp-json\/wp\/v2\/types\/page"}],"author":[{"embeddable":true,"href":"https:\/\/www.sellerpeak.net\/en\/wp-json\/wp\/v2\/users\/1"}],"replies":[{"embeddable":true,"href":"https:\/\/www.sellerpeak.net\/en\/wp-json\/wp\/v2\/comments?post=5732"}],"version-history":[{"count":134,"href":"https:\/\/www.sellerpeak.net\/en\/wp-json\/wp\/v2\/pages\/5732\/revisions"}],"predecessor-version":[{"id":10060,"href":"https:\/\/www.sellerpeak.net\/en\/wp-json\/wp\/v2\/pages\/5732\/revisions\/10060"}],"wp:attachment":[{"href":"https:\/\/www.sellerpeak.net\/en\/wp-json\/wp\/v2\/media?parent=5732"}],"curies":[{"name":"wp","href":"https:\/\/api.w.org\/{rel}","templated":true}]}}