{"id":8142,"date":"2026-01-31T11:21:32","date_gmt":"2026-01-31T08:21:32","guid":{"rendered":"https:\/\/www.sellerpeak.net\/?page_id=8142"},"modified":"2026-03-11T10:56:54","modified_gmt":"2026-03-11T07:56:54","slug":"our-blogs","status":"publish","type":"page","link":"https:\/\/www.sellerpeak.net\/en\/our-blogs\/","title":{"rendered":"Our Blogs"},"content":{"rendered":"\t\t<div data-elementor-type=\"wp-page\" data-elementor-id=\"8142\" class=\"elementor elementor-8142\" data-elementor-post-type=\"page\">\n\t\t\t\t<div class=\"elementor-element elementor-element-bb74ce0 e-flex e-con-boxed e-con e-parent\" data-id=\"bb74ce0\" data-element_type=\"container\" data-e-type=\"container\" data-settings=\"{&quot;background_background&quot;:&quot;classic&quot;}\">\n\t\t\t\t\t<div class=\"e-con-inner\">\n\t\t\t\t\t<\/div>\n\t\t\t\t<\/div>\n\t\t<div class=\"elementor-element elementor-element-bcd83a5 e-flex e-con-boxed e-con e-parent\" data-id=\"bcd83a5\" data-element_type=\"container\" data-e-type=\"container\">\n\t\t\t\t\t<div class=\"e-con-inner\">\n\t\t\t\t<div class=\"elementor-element elementor-element-878eb98 elementor-grid-3 elementor-grid-tablet-2 elementor-grid-mobile-1 elementor-widget elementor-widget-loop-grid\" data-id=\"878eb98\" data-element_type=\"widget\" data-e-type=\"widget\" data-settings=\"{&quot;template_id&quot;:8144,&quot;pagination_type&quot;:&quot;load_more_infinite_scroll&quot;,&quot;_skin&quot;:&quot;post&quot;,&quot;columns&quot;:&quot;3&quot;,&quot;columns_tablet&quot;:&quot;2&quot;,&quot;columns_mobile&quot;:&quot;1&quot;,&quot;edit_handle_selector&quot;:&quot;[data-elementor-type=\\&quot;loop-item\\&quot;]&quot;,&quot;load_more_spinner&quot;:{&quot;value&quot;:&quot;fas fa-spinner&quot;,&quot;library&quot;:&quot;fa-solid&quot;},&quot;row_gap&quot;:{&quot;unit&quot;:&quot;px&quot;,&quot;size&quot;:&quot;&quot;,&quot;sizes&quot;:[]},&quot;row_gap_tablet&quot;:{&quot;unit&quot;:&quot;px&quot;,&quot;size&quot;:&quot;&quot;,&quot;sizes&quot;:[]},&quot;row_gap_mobile&quot;:{&quot;unit&quot;:&quot;px&quot;,&quot;size&quot;:&quot;&quot;,&quot;sizes&quot;:[]}}\" data-widget_type=\"loop-grid.post\">\n\t\t\t\t<div class=\"elementor-widget-container\">\n\t\t\t\t\t\t\t<div class=\"elementor-loop-container elementor-grid\" role=\"list\">\n\t\t<style id=\"loop-8144\">.elementor-8144 .elementor-element.elementor-element-b4251f5{--display:flex;--flex-direction:column;--container-widget-width:100%;--container-widget-height:initial;--container-widget-flex-grow:0;--container-widget-align-self:initial;--flex-wrap-mobile:wrap;}.elementor-8144 .elementor-element.elementor-element-2495c02 .consulting-anchor_link_wrapper .consulting-anchor_link{color:#030303;}.elementor-8144 .elementor-element.elementor-element-2495c02 .consulting-anchor_link_wrapper .consulting-anchor_link:hover{color:#FF8000;}.elementor-8144 .elementor-element.elementor-element-2495c02 .consulting-anchor_link_wrapper .consulting-anchor_link:active{color:#FF8000;}.elementor-8144 .elementor-element.elementor-element-2495c02 .consulting-anchor_link_wrapper .consulting-anchor_link:focus{color:#FF8000;}<\/style>\t\t<div data-elementor-type=\"loop-item\" data-elementor-id=\"8144\" class=\"elementor elementor-8144 e-loop-item e-loop-item-8128 post-8128 post type-post status-publish format-standard has-post-thumbnail hentry category-genel\" data-elementor-post-type=\"elementor_library\" data-custom-edit-handle=\"1\">\n\t\t\t<div class=\"elementor-element elementor-element-b4251f5 blog-card e-flex e-con-boxed e-con e-parent\" data-id=\"b4251f5\" data-element_type=\"container\" data-e-type=\"container\">\n\t\t\t\t\t<div class=\"e-con-inner\">\n\t\t\t\t<div class=\"elementor-element elementor-element-f624b82 elementor-widget elementor-widget-image\" data-id=\"f624b82\" data-element_type=\"widget\" data-e-type=\"widget\" data-widget_type=\"image.default\">\n\t\t\t\t\t\t\t\t\t\t\t\t\t\t\t\t<a href=\"https:\/\/www.sellerpeak.net\/en\/improving-sales-performance-with-amazon-account-management\/\">\n\t\t\t\t\t\t\t<img fetchpriority=\"high\" decoding=\"async\" width=\"1024\" height=\"683\" src=\"https:\/\/www.sellerpeak.net\/wp-content\/uploads\/2026\/01\/amazon-hesap-yonetimi-ile-satis-perfonmans-artirma-1024x683.png\" class=\"attachment-large size-large wp-image-8129\" alt=\"\" srcset=\"https:\/\/www.sellerpeak.net\/wp-content\/uploads\/2026\/01\/amazon-hesap-yonetimi-ile-satis-perfonmans-artirma-1024x683.png 1024w, https:\/\/www.sellerpeak.net\/wp-content\/uploads\/2026\/01\/amazon-hesap-yonetimi-ile-satis-perfonmans-artirma-300x200.png 300w, https:\/\/www.sellerpeak.net\/wp-content\/uploads\/2026\/01\/amazon-hesap-yonetimi-ile-satis-perfonmans-artirma-768x512.png 768w, https:\/\/www.sellerpeak.net\/wp-content\/uploads\/2026\/01\/amazon-hesap-yonetimi-ile-satis-perfonmans-artirma-900x600.png 900w, https:\/\/www.sellerpeak.net\/wp-content\/uploads\/2026\/01\/amazon-hesap-yonetimi-ile-satis-perfonmans-artirma.png 1536w\" sizes=\"(max-width: 1024px) 100vw, 1024px\" \/>\t\t\t\t\t\t\t\t<\/a>\n\t\t\t\t\t\t\t\t\t\t\t\t\t\t\t<\/div>\n\t\t\t\t<div class=\"elementor-element elementor-element-01fef3b blog-card-title elementor-widget elementor-widget-heading\" data-id=\"01fef3b\" data-element_type=\"widget\" data-e-type=\"widget\" data-widget_type=\"heading.default\">\n\t\t\t\t\t<h2 class=\"elementor-heading-title elementor-size-default\"><a href=\"https:\/\/www.sellerpeak.net\/en\/improving-sales-performance-with-amazon-account-management\/\">Amazon Hesap Y\u00f6netimi ile Sat\u0131\u015f Performans\u0131n\u0131 Art\u0131rma<\/a><\/h2>\t\t\t\t<\/div>\n\t\t\t\t<div class=\"elementor-element elementor-element-49263b8 blog-card-content elementor-widget elementor-widget-theme-post-excerpt\" data-id=\"49263b8\" data-element_type=\"widget\" data-e-type=\"widget\" data-widget_type=\"theme-post-excerpt.default\">\n\t\t\t\t\t<p>Amazon\u2019da Sat\u0131\u015f Yapmak Neden Profesyonel Y\u00f6netim Gerektirir? Amazon, y\u00fcksek potansiyel sunmas\u0131na ra\u011fmen do\u011fru y\u00f6netilmedi\u011finde markalar i\u00e7in ciddi zaman ve b\u00fct\u00e7e kayb\u0131na neden olabilir. \u00dcr\u00fcn y\u00fcklemek\t\t\t\t<\/div>\n\t\t\t\t<div class=\"elementor-element elementor-element-2495c02 elementor-widget elementor-widget-stm_anchors_link\" data-id=\"2495c02\" data-element_type=\"widget\" data-e-type=\"widget\" data-widget_type=\"stm_anchors_link.default\">\n\t\t\t\t<div class=\"elementor-widget-container\">\n\t\t\t\t\t\n\t\t\t<div class=\"consulting-anchor_link_wrapper\">\n\t\t\t\t<a href=\"https:\/\/www.sellerpeak.net\/en\/improving-sales-performance-with-amazon-account-management\/\" target=\"_blank\" class=\"consulting-anchor_link\">Devam\u0131n\u0131 Oku <i class=\"stm-right-arrow\"><\/i><\/a>\n\t\t\t<\/div>\n\n\t\t\t\t\t\t<\/div>\n\t\t\t\t<\/div>\n\t\t\t\t\t<\/div>\n\t\t\t\t<\/div>\n\t\t\t\t<\/div>\n\t\t\t\t<div data-elementor-type=\"loop-item\" data-elementor-id=\"8144\" class=\"elementor elementor-8144 e-loop-item e-loop-item-8114 post-8114 post type-post status-publish format-standard has-post-thumbnail hentry category-genel\" data-elementor-post-type=\"elementor_library\" data-custom-edit-handle=\"1\">\n\t\t\t<div class=\"elementor-element elementor-element-b4251f5 blog-card e-flex e-con-boxed e-con e-parent\" data-id=\"b4251f5\" data-element_type=\"container\" data-e-type=\"container\">\n\t\t\t\t\t<div class=\"e-con-inner\">\n\t\t\t\t<div class=\"elementor-element elementor-element-f624b82 elementor-widget elementor-widget-image\" data-id=\"f624b82\" data-element_type=\"widget\" data-e-type=\"widget\" data-widget_type=\"image.default\">\n\t\t\t\t\t\t\t\t\t\t\t\t\t\t\t\t<a href=\"https:\/\/www.sellerpeak.net\/en\/7-essential-ways-to-grow-your-marketplace-sales\/\">\n\t\t\t\t\t\t\t<img decoding=\"async\" width=\"1024\" height=\"683\" src=\"https:\/\/www.sellerpeak.net\/wp-content\/uploads\/2026\/01\/seller-peak-ile-pazaryeri-satislarini-1024x683.png\" class=\"attachment-large size-large wp-image-8118\" alt=\"\" srcset=\"https:\/\/www.sellerpeak.net\/wp-content\/uploads\/2026\/01\/seller-peak-ile-pazaryeri-satislarini-1024x683.png 1024w, https:\/\/www.sellerpeak.net\/wp-content\/uploads\/2026\/01\/seller-peak-ile-pazaryeri-satislarini-300x200.png 300w, https:\/\/www.sellerpeak.net\/wp-content\/uploads\/2026\/01\/seller-peak-ile-pazaryeri-satislarini-768x512.png 768w, https:\/\/www.sellerpeak.net\/wp-content\/uploads\/2026\/01\/seller-peak-ile-pazaryeri-satislarini-900x600.png 900w, https:\/\/www.sellerpeak.net\/wp-content\/uploads\/2026\/01\/seller-peak-ile-pazaryeri-satislarini.png 1536w\" sizes=\"(max-width: 1024px) 100vw, 1024px\" \/>\t\t\t\t\t\t\t\t<\/a>\n\t\t\t\t\t\t\t\t\t\t\t\t\t\t\t<\/div>\n\t\t\t\t<div class=\"elementor-element elementor-element-01fef3b blog-card-title elementor-widget elementor-widget-heading\" data-id=\"01fef3b\" data-element_type=\"widget\" data-e-type=\"widget\" data-widget_type=\"heading.default\">\n\t\t\t\t\t<h2 class=\"elementor-heading-title elementor-size-default\"><a href=\"https:\/\/www.sellerpeak.net\/en\/7-essential-ways-to-grow-your-marketplace-sales\/\">Pazaryeri Sat\u0131\u015flar\u0131n\u0131 B\u00fcy\u00fctmenin 7 Temel Yolu<\/a><\/h2>\t\t\t\t<\/div>\n\t\t\t\t<div class=\"elementor-element elementor-element-49263b8 blog-card-content elementor-widget elementor-widget-theme-post-excerpt\" data-id=\"49263b8\" data-element_type=\"widget\" data-e-type=\"widget\" data-widget_type=\"theme-post-excerpt.default\">\n\t\t\t\t\t<p>Pazaryerlerinde Ba\u015far\u0131l\u0131 Olmak Neden Zor? Pazaryerlerinde sat\u0131\u015f yapmak her ge\u00e7en g\u00fcn daha rekabet\u00e7i hale geliyor. Ayn\u0131 \u00fcr\u00fcn\u00fc satan y\u00fczlerce marka aras\u0131ndan s\u0131yr\u0131lmak, yaln\u0131zca fiyatla de\u011fil;\t\t\t\t<\/div>\n\t\t\t\t<div class=\"elementor-element elementor-element-2495c02 elementor-widget elementor-widget-stm_anchors_link\" data-id=\"2495c02\" data-element_type=\"widget\" data-e-type=\"widget\" data-widget_type=\"stm_anchors_link.default\">\n\t\t\t\t<div class=\"elementor-widget-container\">\n\t\t\t\t\t\n\t\t\t<div class=\"consulting-anchor_link_wrapper\">\n\t\t\t\t<a href=\"https:\/\/www.sellerpeak.net\/en\/7-essential-ways-to-grow-your-marketplace-sales\/\" target=\"_blank\" class=\"consulting-anchor_link\">Devam\u0131n\u0131 Oku <i class=\"stm-right-arrow\"><\/i><\/a>\n\t\t\t<\/div>\n\n\t\t\t\t\t\t<\/div>\n\t\t\t\t<\/div>\n\t\t\t\t\t<\/div>\n\t\t\t\t<\/div>\n\t\t\t\t<\/div>\n\t\t\t\t<\/div>\n\t\t\t\t\t<span class=\"e-load-more-spinner\">\n\t\t\t\t<svg aria-hidden=\"true\" class=\"e-font-icon-svg e-fas-spinner\" viewBox=\"0 0 512 512\" xmlns=\"http:\/\/www.w3.org\/2000\/svg\"><path d=\"M304 48c0 26.51-21.49 48-48 48s-48-21.49-48-48 21.49-48 48-48 48 21.49 48 48zm-48 368c-26.51 0-48 21.49-48 48s21.49 48 48 48 48-21.49 48-48-21.49-48-48-48zm208-208c-26.51 0-48 21.49-48 48s21.49 48 48 48 48-21.49 48-48-21.49-48-48-48zM96 256c0-26.51-21.49-48-48-48S0 229.49 0 256s21.49 48 48 48 48-21.49 48-48zm12.922 99.078c-26.51 0-48 21.49-48 48s21.49 48 48 48 48-21.49 48-48c0-26.509-21.491-48-48-48zm294.156 0c-26.51 0-48 21.49-48 48s21.49 48 48 48 48-21.49 48-48c0-26.509-21.49-48-48-48zM108.922 60.922c-26.51 0-48 21.49-48 48s21.49 48 48 48 48-21.49 48-48-21.491-48-48-48z\"><\/path><\/svg>\t\t\t<\/span>\n\t\t\n\t\t\t\t\t\t<\/div>\n\t\t\t\t<\/div>\n\t\t\t\t\t<\/div>\n\t\t\t\t<\/div>\n\t\t\t\t<\/div>\n\t\t","protected":false},"excerpt":{"rendered":"","protected":false},"author":1,"featured_media":0,"parent":0,"menu_order":0,"comment_status":"closed","ping_status":"closed","template":"","meta":{"_acf_changed":false,"footnotes":""},"class_list":["post-8142","page","type-page","status-publish","hentry"],"acf":[],"_links":{"self":[{"href":"https:\/\/www.sellerpeak.net\/en\/wp-json\/wp\/v2\/pages\/8142","targetHints":{"allow":["GET"]}}],"collection":[{"href":"https:\/\/www.sellerpeak.net\/en\/wp-json\/wp\/v2\/pages"}],"about":[{"href":"https:\/\/www.sellerpeak.net\/en\/wp-json\/wp\/v2\/types\/page"}],"author":[{"embeddable":true,"href":"https:\/\/www.sellerpeak.net\/en\/wp-json\/wp\/v2\/users\/1"}],"replies":[{"embeddable":true,"href":"https:\/\/www.sellerpeak.net\/en\/wp-json\/wp\/v2\/comments?post=8142"}],"version-history":[{"count":31,"href":"https:\/\/www.sellerpeak.net\/en\/wp-json\/wp\/v2\/pages\/8142\/revisions"}],"predecessor-version":[{"id":10279,"href":"https:\/\/www.sellerpeak.net\/en\/wp-json\/wp\/v2\/pages\/8142\/revisions\/10279"}],"wp:attachment":[{"href":"https:\/\/www.sellerpeak.net\/en\/wp-json\/wp\/v2\/media?parent=8142"}],"curies":[{"name":"wp","href":"https:\/\/api.w.org\/{rel}","templated":true}]}}