{"id":8691,"date":"2026-02-04T16:07:06","date_gmt":"2026-02-04T13:07:06","guid":{"rendered":"https:\/\/www.sellerpeak.net\/?page_id=8691"},"modified":"2026-03-05T09:57:45","modified_gmt":"2026-03-05T06:57:45","slug":"our-references","status":"publish","type":"page","link":"https:\/\/www.sellerpeak.net\/en\/our-references\/","title":{"rendered":"Our References"},"content":{"rendered":"\t\t<div data-elementor-type=\"wp-page\" data-elementor-id=\"8691\" class=\"elementor elementor-8691\" data-elementor-post-type=\"page\">\n\t\t\t\t<div class=\"elementor-element elementor-element-ae70261 e-flex e-con-boxed e-con e-parent\" data-id=\"ae70261\" data-element_type=\"container\" data-e-type=\"container\" data-settings=\"{&quot;background_background&quot;:&quot;classic&quot;}\">\n\t\t\t\t\t<div class=\"e-con-inner\">\n\t\t\t\t<div class=\"elementor-element elementor-element-98fb6bd elementor-widget elementor-widget-vc_custom_heading\" data-id=\"98fb6bd\" data-element_type=\"widget\" data-e-type=\"widget\" data-widget_type=\"vc_custom_heading.default\">\n\t\t\t\t<div class=\"elementor-widget-container\">\n\t\t\t\t\t<div class=\" vc_custom_heading no_stripe consulting_heading_font  text_align_center\" ><h4 style=\"color: #FFFFFF;text-align: center;font-weight:700\" class=\"consulting-custom-title\">Referanslar\u0131m\u0131z\n<\/h4><\/div>\t\t\t\t<\/div>\n\t\t\t\t<\/div>\n\t\t\t\t\t<\/div>\n\t\t\t\t<\/div>\n\t\t<div class=\"elementor-element elementor-element-21389e3 e-flex e-con-boxed e-con e-parent\" data-id=\"21389e3\" data-element_type=\"container\" data-e-type=\"container\">\n\t\t\t\t\t<div class=\"e-con-inner\">\n\t\t<div class=\"elementor-element elementor-element-cbd001c e-con-full e-flex e-con e-child\" data-id=\"cbd001c\" data-element_type=\"container\" data-e-type=\"container\">\n\t\t<div class=\"elementor-element elementor-element-5d1d736 e-con-full e-grid e-con e-child\" data-id=\"5d1d736\" data-element_type=\"container\" data-e-type=\"container\">\n\t\t\t\t<div class=\"elementor-element elementor-element-1da17c4 partners elementor-widget elementor-widget-image\" data-id=\"1da17c4\" data-element_type=\"widget\" data-e-type=\"widget\" data-widget_type=\"image.default\">\n\t\t\t\t\t\t\t\t\t\t\t\t\t\t\t<img fetchpriority=\"high\" decoding=\"async\" width=\"300\" height=\"300\" src=\"https:\/\/www.sellerpeak.net\/wp-content\/uploads\/2026\/01\/auberemedy-logo.png\" class=\"attachment-large size-large wp-image-7901\" alt=\"\" \/>\t\t\t\t\t\t\t\t\t\t\t\t\t\t\t<\/div>\n\t\t\t\t<div class=\"elementor-element elementor-element-0c49dd3 partners elementor-widget elementor-widget-image\" data-id=\"0c49dd3\" data-element_type=\"widget\" data-e-type=\"widget\" data-widget_type=\"image.default\">\n\t\t\t\t\t\t\t\t\t\t\t\t\t\t\t<img decoding=\"async\" width=\"300\" height=\"300\" src=\"https:\/\/www.sellerpeak.net\/wp-content\/uploads\/2026\/01\/bimossa-logo.png\" class=\"attachment-large size-large wp-image-7902\" alt=\"\" \/>\t\t\t\t\t\t\t\t\t\t\t\t\t\t\t<\/div>\n\t\t\t\t<div class=\"elementor-element elementor-element-a726ff2 partners elementor-widget elementor-widget-image\" data-id=\"a726ff2\" data-element_type=\"widget\" data-e-type=\"widget\" data-widget_type=\"image.default\">\n\t\t\t\t\t\t\t\t\t\t\t\t\t\t\t<img decoding=\"async\" width=\"300\" height=\"300\" src=\"https:\/\/www.sellerpeak.net\/wp-content\/uploads\/2026\/01\/foursolos-logo.png\" class=\"attachment-large size-large wp-image-7905\" alt=\"\" \/>\t\t\t\t\t\t\t\t\t\t\t\t\t\t\t<\/div>\n\t\t\t\t<div class=\"elementor-element elementor-element-4300a1d partners elementor-widget elementor-widget-image\" data-id=\"4300a1d\" data-element_type=\"widget\" data-e-type=\"widget\" data-widget_type=\"image.default\">\n\t\t\t\t\t\t\t\t\t\t\t\t\t\t\t<img loading=\"lazy\" decoding=\"async\" width=\"300\" height=\"300\" src=\"https:\/\/www.sellerpeak.net\/wp-content\/uploads\/2026\/01\/bisebio-logo.png\" class=\"attachment-large size-large wp-image-7903\" alt=\"\" \/>\t\t\t\t\t\t\t\t\t\t\t\t\t\t\t<\/div>\n\t\t\t\t<div class=\"elementor-element elementor-element-a8eb8da partners elementor-widget elementor-widget-image\" data-id=\"a8eb8da\" data-element_type=\"widget\" data-e-type=\"widget\" data-widget_type=\"image.default\">\n\t\t\t\t\t\t\t\t\t\t\t\t\t\t\t<img loading=\"lazy\" decoding=\"async\" width=\"300\" height=\"300\" src=\"https:\/\/www.sellerpeak.net\/wp-content\/uploads\/2026\/01\/funnababy-logo.png\" class=\"attachment-large size-large wp-image-7906\" alt=\"\" \/>\t\t\t\t\t\t\t\t\t\t\t\t\t\t\t<\/div>\n\t\t\t\t<div class=\"elementor-element elementor-element-dacecf6 partners elementor-widget elementor-widget-image\" data-id=\"dacecf6\" data-element_type=\"widget\" data-e-type=\"widget\" data-widget_type=\"image.default\">\n\t\t\t\t\t\t\t\t\t\t\t\t\t\t\t<img loading=\"lazy\" decoding=\"async\" width=\"300\" height=\"300\" src=\"https:\/\/www.sellerpeak.net\/wp-content\/uploads\/2026\/01\/miababy-logo.png\" class=\"attachment-large size-large wp-image-7907\" alt=\"\" \/>\t\t\t\t\t\t\t\t\t\t\t\t\t\t\t<\/div>\n\t\t\t\t<div class=\"elementor-element elementor-element-7397944 partners elementor-widget elementor-widget-image\" data-id=\"7397944\" data-element_type=\"widget\" data-e-type=\"widget\" data-widget_type=\"image.default\">\n\t\t\t\t\t\t\t\t\t\t\t\t\t\t\t<img loading=\"lazy\" decoding=\"async\" width=\"300\" height=\"300\" src=\"https:\/\/www.sellerpeak.net\/wp-content\/uploads\/2026\/01\/pureandplain-logo.png\" class=\"attachment-large size-large wp-image-7908\" alt=\"\" \/>\t\t\t\t\t\t\t\t\t\t\t\t\t\t\t<\/div>\n\t\t\t\t<div class=\"elementor-element elementor-element-2d6dc19 partners elementor-widget elementor-widget-image\" data-id=\"2d6dc19\" data-element_type=\"widget\" data-e-type=\"widget\" data-widget_type=\"image.default\">\n\t\t\t\t\t\t\t\t\t\t\t\t\t\t\t<img loading=\"lazy\" decoding=\"async\" width=\"300\" height=\"300\" src=\"https:\/\/www.sellerpeak.net\/wp-content\/uploads\/2026\/02\/sempre-logo-yeni.png\" class=\"attachment-large size-large wp-image-8694\" alt=\"\" srcset=\"https:\/\/www.sellerpeak.net\/wp-content\/uploads\/2026\/02\/sempre-logo-yeni.png 300w, https:\/\/www.sellerpeak.net\/wp-content\/uploads\/2026\/02\/sempre-logo-yeni-150x150.png 150w, https:\/\/www.sellerpeak.net\/wp-content\/uploads\/2026\/02\/sempre-logo-yeni-12x12.png 12w, https:\/\/www.sellerpeak.net\/wp-content\/uploads\/2026\/02\/sempre-logo-yeni-50x50.png 50w\" sizes=\"(max-width: 300px) 100vw, 300px\" \/>\t\t\t\t\t\t\t\t\t\t\t\t\t\t\t<\/div>\n\t\t\t\t<div class=\"elementor-element elementor-element-1d941a2 partners elementor-widget elementor-widget-image\" data-id=\"1d941a2\" data-element_type=\"widget\" data-e-type=\"widget\" data-widget_type=\"image.default\">\n\t\t\t\t\t\t\t\t\t\t\t\t\t\t\t<img loading=\"lazy\" decoding=\"async\" width=\"300\" height=\"300\" src=\"https:\/\/www.sellerpeak.net\/wp-content\/uploads\/2026\/01\/xpillo-logo.png\" class=\"attachment-large size-large wp-image-7910\" alt=\"\" \/>\t\t\t\t\t\t\t\t\t\t\t\t\t\t\t<\/div>\n\t\t\t\t<div class=\"elementor-element elementor-element-21d55dd partners elementor-widget elementor-widget-image\" data-id=\"21d55dd\" data-element_type=\"widget\" data-e-type=\"widget\" data-widget_type=\"image.default\">\n\t\t\t\t\t\t\t\t\t\t\t\t\t\t\t<img loading=\"lazy\" decoding=\"async\" width=\"300\" height=\"300\" src=\"https:\/\/www.sellerpeak.net\/wp-content\/uploads\/2026\/01\/eyla-logo.png\" class=\"attachment-large size-large wp-image-7904\" alt=\"\" \/>\t\t\t\t\t\t\t\t\t\t\t\t\t\t\t<\/div>\n\t\t\t\t<\/div>\n\t\t\t\t<\/div>\n\t\t<div class=\"elementor-element elementor-element-13ed857 e-con-full e-flex e-con e-child\" data-id=\"13ed857\" data-element_type=\"container\" data-e-type=\"container\" data-settings=\"{&quot;sticky&quot;:&quot;top&quot;,&quot;sticky_parent&quot;:&quot;yes&quot;,&quot;sticky_on&quot;:[&quot;desktop&quot;],&quot;sticky_offset&quot;:1,&quot;sticky_effects_offset&quot;:1,&quot;sticky_anchor_link_offset&quot;:1}\">\n\t\t\t\t<div class=\"elementor-element elementor-element-9e4624e elementor-widget elementor-widget-html\" data-id=\"9e4624e\" data-element_type=\"widget\" data-e-type=\"widget\" data-widget_type=\"html.default\">\n\t\t\t\t\t<aside class=\"sidebar-menu\">\n  <nav>\n    <ul>\n      <li><a href=\"http:\/\/www.sellerpeak.net\/biz-kimiz\/\">Biz Kimiz<\/a><\/li>\n      <li><a href=\"http:\/\/www.sellerpeak.net\/referans\">Referanslar<\/a><\/li>\n     <li><a href=\"http:\/\/www.sellerpeak.net\/sikca-sorulan-sorular\/\">S\u0131k\u00e7a Sorulan Sorular<\/a><\/li>\n    <\/ul>\n  <\/nav>\n<\/aside>\n\n<style>\n\n    .partners{box-shadow: rgba(0, 0, 0, 0.24) 0px 3px 8px;\n    border-radius:100%!important;}\n    @media (max-width:420px){\n\n        .container {\n  display: grid;\n  grid-template-columns: auto auto ;\n \n  padding: 10px;\n}\n       \n    }\n\n\/* ======================================\n   SIDEBAR MENU \u2013 NAVIGATION STYLE\n   ====================================== *\/\n\n.sidebar-menu {\n  width: 260px;\n  padding: 24px 0;\n  border-right: 1px solid rgba(11,31,51,0.08);\n}\n\n\/* Liste *\/\n.sidebar-menu ul {\n  list-style: none;\n  margin: 0;\n  padding: 0;\n}\n\n\/* Item *\/\n.sidebar-menu li {\n  position: relative;\n}\n\n\/* Link *\/\n.sidebar-menu a {\n  display: block;\n  padding: 14px 24px;\n\n  font-size: 15px;\n  font-weight: 500;\n  color: #4f6072;\n  text-decoration: none;\n\n  transition: all 0.25s ease;\n}\n\n\/* Hover *\/\n.sidebar-menu a:hover {\n  color: #0b1f33;\n  background: #f4f8fb;\n}\n\n\/* Active state *\/\n.sidebar-menu li.active > a {\n  color: #0b1f33;\n  background: #ffffff;\n  font-weight: 600;\n}\n\n\/* Active \u00e7izgi *\/\n.sidebar-menu li.active > a::before {\n  content: \"\";\n  position: absolute;\n  left: 0;\n  top: 50%;\n  transform: translateY(-50%);\n\n  width: 3px;\n  height: 60%;\n  background: #FF8000;\n  border-radius: 2px;\n}\n\n\/* Mobil *\/\n@media (max-width: 1024px) {\n  .sidebar-menu {\n    width: 100%;\n    border-right: none;\n    border-bottom: 1px solid rgba(11,31,51,0.08);\n  }\n}\n\n \n<\/style>\n<script>\ndocument.addEventListener(\"DOMContentLoaded\", function () {\n  const currentUrl = window.location.href;\n  const menuLinks = document.querySelectorAll(\".sidebar-menu a\");\n\n  menuLinks.forEach(link => {\n    if (currentUrl.includes(link.getAttribute(\"href\"))) {\n      link.parentElement.classList.add(\"active\");\n    }\n  });\n});\n<\/script>\n\t\t\t\t<\/div>\n\t\t\t\t<div class=\"elementor-element elementor-element-4aa2948 elementor-widget elementor-widget-heading\" data-id=\"4aa2948\" data-element_type=\"widget\" data-e-type=\"widget\" data-widget_type=\"heading.default\">\n\t\t\t\t\t<h6 class=\"elementor-heading-title elementor-size-default\">Birlikte b\u00fcy\u00fcmeye haz\u0131r m\u0131s\u0131n\u0131z?<\/h6>\t\t\t\t<\/div>\n\t\t\t\t<div class=\"elementor-element elementor-element-ee28ec8 contact-form elementor-widget elementor-widget-stm_contact_form_7\" data-id=\"ee28ec8\" data-element_type=\"widget\" data-e-type=\"widget\" data-widget_type=\"stm_contact_form_7.default\">\n\t\t\t\t<div class=\"elementor-widget-container\">\n\t\t\t\t\t\n<div class=\"wpcf7 no-js\" id=\"wpcf7-f7725-o1\" lang=\"tr-TR\" dir=\"ltr\" data-wpcf7-id=\"7725\">\n<div class=\"screen-reader-response\"><p role=\"status\" aria-live=\"polite\" aria-atomic=\"true\"><\/p> <ul><\/ul><\/div>\n<form action=\"\/en\/wp-json\/wp\/v2\/pages\/8691#wpcf7-f7725-o1\" method=\"post\" class=\"wpcf7-form init\" aria-label=\"\u0130leti\u015fim Formu\" novalidate=\"novalidate\" data-status=\"init\">\n<fieldset class=\"hidden-fields-container\"><input type=\"hidden\" name=\"_wpcf7\" value=\"7725\" \/><input type=\"hidden\" name=\"_wpcf7_version\" value=\"6.1.5\" \/><input type=\"hidden\" name=\"_wpcf7_locale\" value=\"tr_TR\" \/><input type=\"hidden\" name=\"_wpcf7_unit_tag\" value=\"wpcf7-f7725-o1\" \/><input type=\"hidden\" name=\"_wpcf7_container_post\" value=\"0\" \/><input type=\"hidden\" name=\"_wpcf7_posted_data_hash\" value=\"\" \/>\n<\/fieldset>\n<label> Ad\u0131n\u0131z Ve Soyad\u0131n\u0131z\n    <span class=\"wpcf7-form-control-wrap\" data-name=\"your-name\"><input size=\"40\" maxlength=\"400\" class=\"wpcf7-form-control wpcf7-text wpcf7-validates-as-required\" autocomplete=\"name\" aria-required=\"true\" aria-invalid=\"false\" value=\"\" type=\"text\" name=\"your-name\" \/><\/span> <\/label>\n\n<label> E-posta adresiniz\n    <span class=\"wpcf7-form-control-wrap\" data-name=\"your-email\"><input size=\"40\" maxlength=\"400\" class=\"wpcf7-form-control wpcf7-email wpcf7-validates-as-required wpcf7-text wpcf7-validates-as-email\" autocomplete=\"email\" aria-required=\"true\" aria-invalid=\"false\" value=\"\" type=\"email\" name=\"your-email\" \/><\/span> <\/label>\n\n<label> Konu\n    <span class=\"wpcf7-form-control-wrap\" data-name=\"select-628\"><select class=\"wpcf7-form-control wpcf7-select\" aria-invalid=\"false\" name=\"select-628\"><option value=\"Pazaryeri Y\u00f6netim Hizmetleri\">Pazaryeri Y\u00f6netim Hizmetleri<\/option><option value=\"Pazaryeri Kurulum Hizmetleri\">Pazaryeri Kurulum Hizmetleri<\/option><option value=\"E\u011fitim Hizmetleri\">E\u011fitim Hizmetleri<\/option><option value=\"\u00d6deme Hizmetleri\">\u00d6deme Hizmetleri<\/option><option value=\"\u015eirket Hizmetleri\">\u015eirket Hizmetleri<\/option><option value=\"360\u00b0 Hizmetler\">360\u00b0 Hizmetler<\/option><\/select><\/span><\/label>\n\n<label> \u0130letiniz (tercihe ba\u011fl\u0131)\n    <span class=\"wpcf7-form-control-wrap\" data-name=\"your-message\"><textarea cols=\"40\" rows=\"10\" maxlength=\"2000\" class=\"wpcf7-form-control wpcf7-textarea\" aria-invalid=\"false\" name=\"your-message\"><\/textarea><\/span> <\/label>\n\n<input class=\"wpcf7-form-control wpcf7-submit has-spinner\" type=\"submit\" value=\"G\u00f6nder\" \/><div class=\"wpcf7-response-output\" aria-hidden=\"true\"><\/div>\n<\/form>\n<\/div>\n\t\t\t\t\t\t<\/div>\n\t\t\t\t<\/div>\n\t\t\t\t<div class=\"elementor-element elementor-element-cf439c5 elementor-widget elementor-widget-html\" data-id=\"cf439c5\" data-element_type=\"widget\" data-e-type=\"widget\" data-widget_type=\"html.default\">\n\t\t\t\t\t<section class=\"contact-cta\">\r\n  <div class=\"cta-inner\">\r\n    <h3>Ya da do\u011frudan bize yaz\u0131n<\/h3>\r\n    <a href=\"mailto:info@sellerpeak.net\" class=\"cta-btn\">Hemen Yaz\u0131n<\/a>\r\n  <\/div>\r\n<\/section>\r\n<style>\r\n    .contact-cta {\r\n  padding: 70px 20px;\r\n  background-image: url('https:\/\/www.sellerpeak.net\/wp-content\/uploads\/2026\/03\/contact.webp')!important;\r\n  text-align: center;\r\n}\r\n\r\n.cta-inner h3 {\r\n  font-size: 28px;\r\n  color: #fff;\r\n  margin-bottom: 25px;\r\n  font-weight: 600;\r\n}\r\n\r\n.cta-btn {\r\n  display: inline-block;\r\n  padding: 15px 40px;\r\n  background: #fff;\r\n  color: #000;\r\n  border-radius: 50px;\r\n  font-size: 15px;\r\n  font-weight: 500;\r\n  text-decoration: none;\r\n  transition: all 0.3s ease;\r\n}\r\n\r\n.cta-btn:hover {\r\n  background: #000;\r\n  color: #fff;\r\n  border: 1px solid #fff;\r\n}\r\n\r\n<\/style>\t\t\t\t<\/div>\n\t\t\t\t<\/div>\n\t\t\t\t\t<\/div>\n\t\t\t\t<\/div>\n\t\t\t\t<\/div>\n\t\t","protected":false},"excerpt":{"rendered":"<p>Referanslar\u0131m\u0131z Biz Kimiz Referanslar S\u0131k\u00e7a Sorulan Sorular Birlikte b\u00fcy\u00fcmeye haz\u0131r m\u0131s\u0131n\u0131z? Ad\u0131n\u0131z Ve Soyad\u0131n\u0131z E-posta adresiniz Konu Pazaryeri Y\u00f6netim HizmetleriPazaryeri Kurulum HizmetleriE\u011fitim Hizmetleri\u00d6deme Hizmetleri\u015eirket Hizmetleri360\u00b0 Hizmetler \u0130letiniz (tercihe ba\u011fl\u0131) Ya da do\u011frudan bize yaz\u0131n Hemen Yaz\u0131n<\/p>","protected":false},"author":1,"featured_media":0,"parent":0,"menu_order":0,"comment_status":"closed","ping_status":"closed","template":"","meta":{"_acf_changed":false,"footnotes":""},"class_list":["post-8691","page","type-page","status-publish","hentry"],"acf":[],"_links":{"self":[{"href":"https:\/\/www.sellerpeak.net\/en\/wp-json\/wp\/v2\/pages\/8691","targetHints":{"allow":["GET"]}}],"collection":[{"href":"https:\/\/www.sellerpeak.net\/en\/wp-json\/wp\/v2\/pages"}],"about":[{"href":"https:\/\/www.sellerpeak.net\/en\/wp-json\/wp\/v2\/types\/page"}],"author":[{"embeddable":true,"href":"https:\/\/www.sellerpeak.net\/en\/wp-json\/wp\/v2\/users\/1"}],"replies":[{"embeddable":true,"href":"https:\/\/www.sellerpeak.net\/en\/wp-json\/wp\/v2\/comments?post=8691"}],"version-history":[{"count":22,"href":"https:\/\/www.sellerpeak.net\/en\/wp-json\/wp\/v2\/pages\/8691\/revisions"}],"predecessor-version":[{"id":10063,"href":"https:\/\/www.sellerpeak.net\/en\/wp-json\/wp\/v2\/pages\/8691\/revisions\/10063"}],"wp:attachment":[{"href":"https:\/\/www.sellerpeak.net\/en\/wp-json\/wp\/v2\/media?parent=8691"}],"curies":[{"name":"wp","href":"https:\/\/api.w.org\/{rel}","templated":true}]}}