{"id":9220,"date":"2026-02-16T15:16:17","date_gmt":"2026-02-16T12:16:17","guid":{"rendered":"https:\/\/www.sellerpeak.net\/?page_id=9220"},"modified":"2026-03-05T12:02:23","modified_gmt":"2026-03-05T09:02:23","slug":"amazon","status":"publish","type":"page","link":"https:\/\/www.sellerpeak.net\/en\/amazon\/","title":{"rendered":"Amazon"},"content":{"rendered":"<div data-elementor-type=\"wp-page\" data-elementor-id=\"9220\" class=\"elementor elementor-9220\" data-elementor-post-type=\"page\">\n\t\t\t\t<div class=\"elementor-element elementor-element-978c5be e-flex e-con-boxed e-con e-parent\" data-id=\"978c5be\" data-element_type=\"container\" data-e-type=\"container\" data-settings=\"{&quot;background_background&quot;:&quot;classic&quot;}\">\n\t\t\t\t\t<div class=\"e-con-inner\">\n\t\t\t\t<div class=\"elementor-element elementor-element-d7070d8 elementor-widget elementor-widget-heading\" data-id=\"d7070d8\" data-element_type=\"widget\" data-e-type=\"widget\" data-widget_type=\"heading.default\">\n\t\t\t\t\t<h2 class=\"elementor-heading-title elementor-size-default\">Amazon Services<\/h2>\t\t\t\t<\/div>\n\t\t\t\t\t<\/div>\n\t\t\t\t<\/div>\n\t\t<div class=\"elementor-element elementor-element-a22ff66 e-flex e-con-boxed e-con e-parent\" data-id=\"a22ff66\" data-element_type=\"container\" data-e-type=\"container\">\n\t\t\t\t\t<div class=\"e-con-inner\">\n\t\t<div class=\"elementor-element elementor-element-c6e3af5 e-con-full e-grid e-con e-child\" data-id=\"c6e3af5\" data-element_type=\"container\" data-e-type=\"container\">\n\t\t\t\t<div class=\"elementor-element elementor-element-784189a elementor-cta--layout-image-above elementor-widget__width-initial service-card elementor-cta--skin-classic elementor-animated-content elementor-widget elementor-widget-call-to-action\" data-id=\"784189a\" data-element_type=\"widget\" data-e-type=\"widget\" data-widget_type=\"call-to-action.default\">\n\t\t\t\t\t\t\t<a class=\"elementor-cta\" href=\"https:\/\/www.sellerpeak.net\/en\/services\/amazon-hesap-yonetim\/\">\n\t\t\t\t\t<div class=\"elementor-cta__bg-wrapper\">\n\t\t\t\t<div class=\"elementor-cta__bg elementor-bg\" style=\"background-image: url(https:\/\/www.sellerpeak.net\/wp-content\/uploads\/2026\/02\/amazon-hesap-yonetimi-nedir.webp);\" role=\"img\" aria-label=\"amazon-hesap-yonetimi-nedir\"><\/div>\n\t\t\t\t<div class=\"elementor-cta__bg-overlay\"><\/div>\n\t\t\t<\/div>\n\t\t\t\t\t\t\t<div class=\"elementor-cta__content\">\n\t\t\t\t\n\t\t\t\t\t\t\t\t\t<h2 class=\"elementor-cta__title elementor-cta__content-item elementor-content-item\">\n\t\t\t\t\t\tAmazon Account Management\t\t\t\t\t<\/h2>\n\t\t\t\t\n\t\t\t\t\t\t\t\t\t<div class=\"elementor-cta__description elementor-cta__content-item elementor-content-item\">\n\t\t\t\t\t\t<ul>\n<li>Amazon Seller Central setup &amp; verification<\/li>\n<li>Product listing (SEO-friendly content)<\/li>\n<li>FBA \/ FBM operations management<\/li>\n<li>Account health &amp; performance monitoring<\/li>\n<li>Sales and profitability optimization<\/li>\n<\/ul>\t\t\t\t\t<\/div>\n\t\t\t\t\n\t\t\t\t\t\t\t\t\t<div class=\"elementor-cta__button-wrapper elementor-cta__content-item elementor-content-item\">\n\t\t\t\t\t<span class=\"elementor-cta__button elementor-button elementor-size-\">\n\t\t\t\t\t\tRead More\t\t\t\t\t<\/span>\n\t\t\t\t\t<\/div>\n\t\t\t\t\t\t\t<\/div>\n\t\t\t\t\t\t<\/a>\n\t\t\t\t\t\t<\/div>\n\t\t\t\t<div class=\"elementor-element elementor-element-66fb579 elementor-cta--layout-image-above elementor-widget__width-initial service-card elementor-cta--skin-classic elementor-animated-content elementor-widget elementor-widget-call-to-action\" data-id=\"66fb579\" data-element_type=\"widget\" data-e-type=\"widget\" data-widget_type=\"call-to-action.default\">\n\t\t\t\t\t\t\t<a class=\"elementor-cta\" href=\"https:\/\/www.sellerpeak.net\/en\/services\/amazon-ppc-setup-package\/\">\n\t\t\t\t\t<div class=\"elementor-cta__bg-wrapper\">\n\t\t\t\t<div class=\"elementor-cta__bg elementor-bg\" style=\"background-image: url(https:\/\/www.sellerpeak.net\/wp-content\/uploads\/2026\/03\/amazon-ppc-kurulum-paketi-ic-gorsel.webp);\" role=\"img\" aria-label=\"amazon-ppc-kurulum-paketi-ic-gorsel\"><\/div>\n\t\t\t\t<div class=\"elementor-cta__bg-overlay\"><\/div>\n\t\t\t<\/div>\n\t\t\t\t\t\t\t<div class=\"elementor-cta__content\">\n\t\t\t\t\n\t\t\t\t\t\t\t\t\t<h2 class=\"elementor-cta__title elementor-cta__content-item elementor-content-item\">\n\t\t\t\t\t\tAmazon Advertising (PPC) Management\t\t\t\t\t<\/h2>\n\t\t\t\t\n\t\t\t\t\t\t\t\t\t<div class=\"elementor-cta__description elementor-cta__content-item elementor-content-item\">\n\t\t\t\t\t\t<ul>\n<li>Launch and scale advertising strategies<\/li>\n<li>Keyword &amp; competitor analysis<\/li>\n<li>Campaign setups (SP \/ SB \/ SD)<\/li>\n<li>ROAS &amp; ACOS optimization<\/li>\n<li>Weekly\/monthly reporting<\/li>\n<\/ul>\t\t\t\t\t<\/div>\n\t\t\t\t\n\t\t\t\t\t\t\t\t\t<div class=\"elementor-cta__button-wrapper elementor-cta__content-item elementor-content-item\">\n\t\t\t\t\t<span class=\"elementor-cta__button elementor-button elementor-size-\">\n\t\t\t\t\t\tRead More\t\t\t\t\t<\/span>\n\t\t\t\t\t<\/div>\n\t\t\t\t\t\t\t<\/div>\n\t\t\t\t\t\t<\/a>\n\t\t\t\t\t\t<\/div>\n\t\t\t\t<div class=\"elementor-element elementor-element-00a2edb elementor-cta--layout-image-above elementor-widget__width-initial service-card elementor-cta--skin-classic elementor-animated-content elementor-widget elementor-widget-call-to-action\" data-id=\"00a2edb\" data-element_type=\"widget\" data-e-type=\"widget\" data-widget_type=\"call-to-action.default\">\n\t\t\t\t\t\t\t<a class=\"elementor-cta\" href=\"https:\/\/www.sellerpeak.net\/en\/services\/amazon-seller-account-opening\/\">\n\t\t\t\t\t<div class=\"elementor-cta__bg-wrapper\">\n\t\t\t\t<div class=\"elementor-cta__bg elementor-bg\" style=\"background-image: url(https:\/\/www.sellerpeak.net\/wp-content\/uploads\/2026\/03\/amazon-satici-hesap-acilisi-ic-sayfa.webp);\" role=\"img\" aria-label=\"amazon-satici-hesap-acilisi-ic-sayfa\"><\/div>\n\t\t\t\t<div class=\"elementor-cta__bg-overlay\"><\/div>\n\t\t\t<\/div>\n\t\t\t\t\t\t\t<div class=\"elementor-cta__content\">\n\t\t\t\t\n\t\t\t\t\t\t\t\t\t<h2 class=\"elementor-cta__title elementor-cta__content-item elementor-content-item\">\n\t\t\t\t\t\tAmazon Seller Account Opening\t\t\t\t\t<\/h2>\n\t\t\t\t\n\t\t\t\t\t\t\t\t\t<div class=\"elementor-cta__description elementor-cta__content-item elementor-content-item\">\n\t\t\t\t\t\t<ul>\n<li data-start=\"33\" data-end=\"69\">\n<p data-start=\"35\" data-end=\"69\">Quick and hassle-free account setup<\/p>\n<\/li>\n<li data-start=\"70\" data-end=\"107\">\n<p data-start=\"72\" data-end=\"107\">Professional support during the approval process<\/p>\n<\/li>\n<li data-start=\"108\" data-end=\"141\">\n<p data-start=\"110\" data-end=\"141\">Strong start in the global market<\/p>\n<\/li>\n<li data-start=\"142\" data-end=\"176\">\n<p data-start=\"144\" data-end=\"176\">Installation that minimizes risks<\/p>\n<\/li>\n<li data-start=\"177\" data-end=\"217\">\n<p data-start=\"179\" data-end=\"217\">Ready-to-sell, optimized account<\/p>\n<\/li>\n<\/ul>\t\t\t\t\t<\/div>\n\t\t\t\t\n\t\t\t\t\t\t\t\t\t<div class=\"elementor-cta__button-wrapper elementor-cta__content-item elementor-content-item\">\n\t\t\t\t\t<span class=\"elementor-cta__button elementor-button elementor-size-\">\n\t\t\t\t\t\tRead More\t\t\t\t\t<\/span>\n\t\t\t\t\t<\/div>\n\t\t\t\t\t\t\t<\/div>\n\t\t\t\t\t\t<\/a>\n\t\t\t\t\t\t<\/div>\n\t\t\t\t<div class=\"elementor-element elementor-element-9ae1927 elementor-cta--layout-image-above elementor-widget__width-initial service-card elementor-cta--skin-classic elementor-animated-content elementor-widget elementor-widget-call-to-action\" data-id=\"9ae1927\" data-element_type=\"widget\" data-e-type=\"widget\" data-widget_type=\"call-to-action.default\">\n\t\t\t\t\t\t\t<a class=\"elementor-cta\" href=\"https:\/\/www.sellerpeak.net\/en\/services\/amazon-store-design\/\">\n\t\t\t\t\t<div class=\"elementor-cta__bg-wrapper\">\n\t\t\t\t<div class=\"elementor-cta__bg elementor-bg\" style=\"background-image: url(https:\/\/www.sellerpeak.net\/wp-content\/uploads\/2026\/03\/amazon-store-tasarimi-liste.webp);\" role=\"img\" aria-label=\"amazon-store-tasarimi-liste\"><\/div>\n\t\t\t\t<div class=\"elementor-cta__bg-overlay\"><\/div>\n\t\t\t<\/div>\n\t\t\t\t\t\t\t<div class=\"elementor-cta__content\">\n\t\t\t\t\n\t\t\t\t\t\t\t\t\t<h2 class=\"elementor-cta__title elementor-cta__content-item elementor-content-item\">\n\t\t\t\t\t\tAmazon Store Design\t\t\t\t\t<\/h2>\n\t\t\t\t\n\t\t\t\t\t\t\t\t\t<div class=\"elementor-cta__description elementor-cta__content-item elementor-content-item\">\n\t\t\t\t\t\t<ul>\n<li>Fast, complete, and hassle-free account setup process<\/li>\n<li>Document verification and professional consulting support during the approval process<\/li>\n<li>A strong and strategic start in the global market<\/li>\n<li>Proper configuration and installation that minimizes potential risks<\/li>\n<li>Ready for sale, optimized, and suitable for sustainable growth<\/li>\n<\/ul>\t\t\t\t\t<\/div>\n\t\t\t\t\n\t\t\t\t\t\t\t\t\t<div class=\"elementor-cta__button-wrapper elementor-cta__content-item elementor-content-item\">\n\t\t\t\t\t<span class=\"elementor-cta__button elementor-button elementor-size-\">\n\t\t\t\t\t\tRead More\t\t\t\t\t<\/span>\n\t\t\t\t\t<\/div>\n\t\t\t\t\t\t\t<\/div>\n\t\t\t\t\t\t<\/a>\n\t\t\t\t\t\t<\/div>\n\t\t\t\t<div class=\"elementor-element elementor-element-5de8855 elementor-cta--layout-image-above elementor-widget__width-initial service-card elementor-cta--skin-classic elementor-animated-content elementor-widget elementor-widget-call-to-action\" data-id=\"5de8855\" data-element_type=\"widget\" data-e-type=\"widget\" data-widget_type=\"call-to-action.default\">\n\t\t\t\t\t\t\t<a class=\"elementor-cta\" href=\"https:\/\/www.sellerpeak.net\/en\/services\/amazon-logistics-process-planning-and-management\/\">\n\t\t\t\t\t<div class=\"elementor-cta__bg-wrapper\">\n\t\t\t\t<div class=\"elementor-cta__bg elementor-bg\" style=\"background-image: url(https:\/\/www.sellerpeak.net\/wp-content\/uploads\/2026\/03\/amazon-lojistik-sureci-1.webp);\" role=\"img\" aria-label=\"amazon-lojistik-sureci (1)\"><\/div>\n\t\t\t\t<div class=\"elementor-cta__bg-overlay\"><\/div>\n\t\t\t<\/div>\n\t\t\t\t\t\t\t<div class=\"elementor-cta__content\">\n\t\t\t\t\n\t\t\t\t\t\t\t\t\t<h2 class=\"elementor-cta__title elementor-cta__content-item elementor-content-item\">\n\t\t\t\t\t\tAmazon Logistics Process\t\t\t\t\t<\/h2>\n\t\t\t\t\n\t\t\t\t\t\t\t\t\t<div class=\"elementor-cta__description elementor-cta__content-item elementor-content-item\">\n\t\t\t\t\t\t<ul>\n<li>Proper planning of the logistics infrastructure<\/li>\n<li>FBA and FBM process management<\/li>\n<li>Inventory tracking and optimization<\/li>\n<li>Shipping and delivery process coordination<\/li>\n<li>Operasyonel maliyetleri d&uuml;\u015f&uuml;ren stratejik y&ouml;netim<\/li>\n<\/ul>\t\t\t\t\t<\/div>\n\t\t\t\t\n\t\t\t\t\t\t\t\t\t<div class=\"elementor-cta__button-wrapper elementor-cta__content-item elementor-content-item\">\n\t\t\t\t\t<span class=\"elementor-cta__button elementor-button elementor-size-\">\n\t\t\t\t\t\tRead More\t\t\t\t\t<\/span>\n\t\t\t\t\t<\/div>\n\t\t\t\t\t\t\t<\/div>\n\t\t\t\t\t\t<\/a>\n\t\t\t\t\t\t<\/div>\n\t\t\t\t<div class=\"elementor-element elementor-element-22f7979 elementor-cta--layout-image-above elementor-widget__width-initial service-card elementor-cta--skin-classic elementor-animated-content elementor-widget elementor-widget-call-to-action\" data-id=\"22f7979\" data-element_type=\"widget\" data-e-type=\"widget\" data-widget_type=\"call-to-action.default\">\n\t\t\t\t\t\t\t<a class=\"elementor-cta\" href=\"https:\/\/www.sellerpeak.net\/en\/services\/amazon-panel-training\/\">\n\t\t\t\t\t<div class=\"elementor-cta__bg-wrapper\">\n\t\t\t\t<div class=\"elementor-cta__bg elementor-bg\" style=\"background-image: url(https:\/\/www.sellerpeak.net\/wp-content\/uploads\/2026\/03\/amazon-panel-kullanim-egitimi.webp);\" role=\"img\" aria-label=\"amazon-panel-kullanim-egitimi\"><\/div>\n\t\t\t\t<div class=\"elementor-cta__bg-overlay\"><\/div>\n\t\t\t<\/div>\n\t\t\t\t\t\t\t<div class=\"elementor-cta__content\">\n\t\t\t\t\n\t\t\t\t\t\t\t\t\t<h2 class=\"elementor-cta__title elementor-cta__content-item elementor-content-item\">\n\t\t\t\t\t\tAmazon Panel Training\t\t\t\t\t<\/h2>\n\t\t\t\t\n\t\t\t\t\t\t\t\t\t<div class=\"elementor-cta__description elementor-cta__content-item elementor-content-item\">\n\t\t\t\t\t\t<ul>\n<li>Amazon Seller Central dashboard introduction and basic usage<\/li>\n<li>Product loading and list management training<\/li>\n<li>Management of inventory, order, and shipping processes<\/li>\n<li>Advertising panel and campaign creation training<\/li>\n<li>Performance reports and account health monitoring<\/li>\n<\/ul>\t\t\t\t\t<\/div>\n\t\t\t\t\n\t\t\t\t\t\t\t\t\t<div class=\"elementor-cta__button-wrapper elementor-cta__content-item elementor-content-item\">\n\t\t\t\t\t<span class=\"elementor-cta__button elementor-button elementor-size-\">\n\t\t\t\t\t\tRead More\t\t\t\t\t<\/span>\n\t\t\t\t\t<\/div>\n\t\t\t\t\t\t\t<\/div>\n\t\t\t\t\t\t<\/a>\n\t\t\t\t\t\t<\/div>\n\t\t\t\t<div class=\"elementor-element elementor-element-de40339 elementor-cta--layout-image-above elementor-widget__width-initial service-card elementor-cta--skin-classic elementor-animated-content elementor-widget elementor-widget-call-to-action\" data-id=\"de40339\" data-element_type=\"widget\" data-e-type=\"widget\" data-widget_type=\"call-to-action.default\">\n\t\t\t\t\t\t\t<a class=\"elementor-cta\" href=\"https:\/\/www.sellerpeak.net\/en\/services\/amazon-advertising-management-3-month\/\">\n\t\t\t\t\t<div class=\"elementor-cta__bg-wrapper\">\n\t\t\t\t<div class=\"elementor-cta__bg elementor-bg\" style=\"background-image: url(https:\/\/www.sellerpeak.net\/wp-content\/uploads\/2026\/03\/amazon-reklam-yonetimi-3-aylik.webp);\" role=\"img\" aria-label=\"amazon-reklam-yonetimi-3-aylik\"><\/div>\n\t\t\t\t<div class=\"elementor-cta__bg-overlay\"><\/div>\n\t\t\t<\/div>\n\t\t\t\t\t\t\t<div class=\"elementor-cta__content\">\n\t\t\t\t\n\t\t\t\t\t\t\t\t\t<h2 class=\"elementor-cta__title elementor-cta__content-item elementor-content-item\">\n\t\t\t\t\t\tAmazon Advertising Management (3 Months)\t\t\t\t\t<\/h2>\n\t\t\t\t\n\t\t\t\t\t\t\t\t\t<div class=\"elementor-cta__description elementor-cta__content-item elementor-content-item\">\n\t\t\t\t\t\t<ul>\n<li>Advertising strategy and campaign setup<\/li>\n<li>Keyword and competitor analysis<\/li>\n<li>Budget and bid optimization<\/li>\n<li>ACOS and performance tracking<\/li>\n<li>3-monthly regular reporting and improvement<\/li>\n<\/ul>\t\t\t\t\t<\/div>\n\t\t\t\t\n\t\t\t\t\t\t\t\t\t<div class=\"elementor-cta__button-wrapper elementor-cta__content-item elementor-content-item\">\n\t\t\t\t\t<span class=\"elementor-cta__button elementor-button elementor-size-\">\n\t\t\t\t\t\tRead More\t\t\t\t\t<\/span>\n\t\t\t\t\t<\/div>\n\t\t\t\t\t\t\t<\/div>\n\t\t\t\t\t\t<\/a>\n\t\t\t\t\t\t<\/div>\n\t\t\t\t<\/div>\n\t\t\t\t\t<\/div>\n\t\t\t\t<\/div>\n\t\t<div class=\"elementor-element elementor-element-7f9969f e-flex e-con-boxed e-con e-parent\" data-id=\"7f9969f\" data-element_type=\"container\" data-e-type=\"container\" data-settings=\"{&quot;background_background&quot;:&quot;classic&quot;}\">\n\t\t\t\t\t<div class=\"e-con-inner\">\n\t\t\t\t<div class=\"elementor-element elementor-element-e7d044e elementor-widget elementor-widget-heading\" data-id=\"e7d044e\" data-element_type=\"widget\" data-e-type=\"widget\" data-widget_type=\"heading.default\">\n\t\t\t\t\t<p class=\"elementor-heading-title elementor-size-default\">24\/7 Communication<\/p>\t\t\t\t<\/div>\n\t\t\t\t<div class=\"elementor-element elementor-element-5c3cdff elementor-widget elementor-widget-heading\" data-id=\"5c3cdff\" data-element_type=\"widget\" data-e-type=\"widget\" data-widget_type=\"heading.default\">\n\t\t\t\t\t<h3 class=\"elementor-heading-title elementor-size-default translation-block\">Do you have any questions?\n<br>\nLet us call you<span style=\"color:#FF8000\"> right away.<\/span><\/h3>\t\t\t\t<\/div>\n\t\t\t\t<div class=\"elementor-element elementor-element-bd853a7 elementor-widget elementor-widget-button\" data-id=\"bd853a7\" data-element_type=\"widget\" data-e-type=\"widget\" data-widget_type=\"button.default\">\n\t\t\t\t\t\t\t\t\t\t<a class=\"elementor-button elementor-button-link elementor-size-sm\" href=\"https:\/\/www.sellerpeak.net\/en\/communication\/\">\n\t\t\t\t\t\t<span class=\"elementor-button-content-wrapper\">\n\t\t\t\t\t\t\t\t\t<span class=\"elementor-button-text\">Contact Us<\/span>\n\t\t\t\t\t<\/span>\n\t\t\t\t\t<\/a>\n\t\t\t\t\t\t\t\t<\/div>\n\t\t\t\t\t<\/div>\n\t\t\t\t<\/div>\n\t\t\t\t<\/div>","protected":false},"excerpt":{"rendered":"<p>Amazon Hizmetleri Amazon Hesap Y\u00f6netimi Amazon Seller Central kurulum &amp; do\u011frulama &Uuml;r&uuml;n listeleme (SEO uyumlu i&ccedil;erik) FBA \/ FBM operasyon y&ouml;netimi Hesap sa\u011fl\u0131\u011f\u0131 &amp; performans takibi Sat\u0131\u015f ve k&acirc;rl\u0131l\u0131k optimizasyonu Devam\u0131n\u0131 Oku Amazon Reklam (PPC) Y\u00f6netimi Launch &amp; scale reklam stratejileri Keyword &amp; rakip analizleri Kampanya kurulumlar\u0131 (SP \/ SB \/ SD) ROAS &amp; ACOS<\/p>","protected":false},"author":1,"featured_media":0,"parent":0,"menu_order":0,"comment_status":"closed","ping_status":"closed","template":"","meta":{"_acf_changed":false,"footnotes":""},"class_list":["post-9220","page","type-page","status-publish","hentry"],"acf":[],"_links":{"self":[{"href":"https:\/\/www.sellerpeak.net\/en\/wp-json\/wp\/v2\/pages\/9220","targetHints":{"allow":["GET"]}}],"collection":[{"href":"https:\/\/www.sellerpeak.net\/en\/wp-json\/wp\/v2\/pages"}],"about":[{"href":"https:\/\/www.sellerpeak.net\/en\/wp-json\/wp\/v2\/types\/page"}],"author":[{"embeddable":true,"href":"https:\/\/www.sellerpeak.net\/en\/wp-json\/wp\/v2\/users\/1"}],"replies":[{"embeddable":true,"href":"https:\/\/www.sellerpeak.net\/en\/wp-json\/wp\/v2\/comments?post=9220"}],"version-history":[{"count":59,"href":"https:\/\/www.sellerpeak.net\/en\/wp-json\/wp\/v2\/pages\/9220\/revisions"}],"predecessor-version":[{"id":10266,"href":"https:\/\/www.sellerpeak.net\/en\/wp-json\/wp\/v2\/pages\/9220\/revisions\/10266"}],"wp:attachment":[{"href":"https:\/\/www.sellerpeak.net\/en\/wp-json\/wp\/v2\/media?parent=9220"}],"curies":[{"name":"wp","href":"https:\/\/api.w.org\/{rel}","templated":true}]}}