{"id":9649,"date":"2026-02-21T11:13:48","date_gmt":"2026-02-21T08:13:48","guid":{"rendered":"https:\/\/www.sellerpeak.net\/?page_id=9649"},"modified":"2026-03-05T11:16:04","modified_gmt":"2026-03-05T08:16:04","slug":"noon","status":"publish","type":"page","link":"https:\/\/www.sellerpeak.net\/en\/noon\/","title":{"rendered":"Noon"},"content":{"rendered":"<div data-elementor-type=\"wp-page\" data-elementor-id=\"9649\" class=\"elementor elementor-9649\" data-elementor-post-type=\"page\">\n\t\t\t\t<div class=\"elementor-element elementor-element-978c5be e-flex e-con-boxed e-con e-parent\" data-id=\"978c5be\" data-element_type=\"container\" data-e-type=\"container\" data-settings=\"{&quot;background_background&quot;:&quot;classic&quot;}\">\n\t\t\t\t\t<div class=\"e-con-inner\">\n\t\t\t\t<div class=\"elementor-element elementor-element-d7070d8 elementor-widget elementor-widget-heading\" data-id=\"d7070d8\" data-element_type=\"widget\" data-e-type=\"widget\" data-widget_type=\"heading.default\">\n\t\t\t\t\t<h2 class=\"elementor-heading-title elementor-size-default\">Noon Services<\/h2>\t\t\t\t<\/div>\n\t\t\t\t\t<\/div>\n\t\t\t\t<\/div>\n\t\t<div class=\"elementor-element elementor-element-a22ff66 e-flex e-con-boxed e-con e-parent\" data-id=\"a22ff66\" data-element_type=\"container\" data-e-type=\"container\">\n\t\t\t\t\t<div class=\"e-con-inner\">\n\t\t<div class=\"elementor-element elementor-element-c6e3af5 e-con-full e-grid e-con e-child\" data-id=\"c6e3af5\" data-element_type=\"container\" data-e-type=\"container\">\n\t\t\t\t<div class=\"elementor-element elementor-element-784189a elementor-cta--layout-image-above elementor-widget__width-initial service-card elementor-cta--skin-classic elementor-animated-content elementor-widget elementor-widget-call-to-action\" data-id=\"784189a\" data-element_type=\"widget\" data-e-type=\"widget\" data-widget_type=\"call-to-action.default\">\n\t\t\t\t\t\t\t<a class=\"elementor-cta\" href=\"https:\/\/www.sellerpeak.net\/en\/services\/noon-seller-account-opening\/\">\n\t\t\t\t\t<div class=\"elementor-cta__bg-wrapper\">\n\t\t\t\t<div class=\"elementor-cta__bg elementor-bg\" style=\"background-image: url(https:\/\/www.sellerpeak.net\/wp-content\/uploads\/2026\/02\/noon-satici-hesap-acilisi-yeni.webp);\" role=\"img\" aria-label=\"noon-satici-hesap-acilisi-yeni\"><\/div>\n\t\t\t\t<div class=\"elementor-cta__bg-overlay\"><\/div>\n\t\t\t<\/div>\n\t\t\t\t\t\t\t<div class=\"elementor-cta__content\">\n\t\t\t\t\n\t\t\t\t\t\t\t\t\t<h2 class=\"elementor-cta__title elementor-cta__content-item elementor-content-item\">\n\t\t\t\t\t\tNoon Seller Account Opening\t\t\t\t\t<\/h2>\n\t\t\t\t\n\t\t\t\t\t\t\t\t\t<div class=\"elementor-cta__description elementor-cta__content-item elementor-content-item\">\n\t\t\t\t\t\t<ul>\n<li>Noon seller account application and verification process<\/li>\n<li>The company integrates tax and payment information.<\/li>\n<li>Configuring store profile and sales settings.<\/li>\n<li>Creating a category and product listing infrastructure.<\/li>\n<li>Ready-to-sell, optimized store setup.<\/li>\n<\/ul>\t\t\t\t\t<\/div>\n\t\t\t\t\n\t\t\t\t\t\t\t\t\t<div class=\"elementor-cta__button-wrapper elementor-cta__content-item elementor-content-item\">\n\t\t\t\t\t<span class=\"elementor-cta__button elementor-button elementor-size-\">\n\t\t\t\t\t\tRead More\t\t\t\t\t<\/span>\n\t\t\t\t\t<\/div>\n\t\t\t\t\t\t\t<\/div>\n\t\t\t\t\t\t<\/a>\n\t\t\t\t\t\t<\/div>\n\t\t\t\t<div class=\"elementor-element elementor-element-66fb579 elementor-cta--layout-image-above elementor-widget__width-initial service-card elementor-cta--skin-classic elementor-animated-content elementor-widget elementor-widget-call-to-action\" data-id=\"66fb579\" data-element_type=\"widget\" data-e-type=\"widget\" data-widget_type=\"call-to-action.default\">\n\t\t\t\t\t\t\t<a class=\"elementor-cta\" href=\"https:\/\/www.sellerpeak.net\/en\/services\/noon-ads-setup\/\">\n\t\t\t\t\t<div class=\"elementor-cta__bg-wrapper\">\n\t\t\t\t<div class=\"elementor-cta__bg elementor-bg\" style=\"background-image: url(https:\/\/www.sellerpeak.net\/wp-content\/uploads\/2026\/02\/noon-reklam-kurulumu.webp);\" role=\"img\" aria-label=\"noon-reklam-kurulumu\"><\/div>\n\t\t\t\t<div class=\"elementor-cta__bg-overlay\"><\/div>\n\t\t\t<\/div>\n\t\t\t\t\t\t\t<div class=\"elementor-cta__content\">\n\t\t\t\t\n\t\t\t\t\t\t\t\t\t<h2 class=\"elementor-cta__title elementor-cta__content-item elementor-content-item\">\n\t\t\t\t\t\tNoon Advertising Setup\t\t\t\t\t<\/h2>\n\t\t\t\t\n\t\t\t\t\t\t\t\t\t<div class=\"elementor-cta__description elementor-cta__content-item elementor-content-item\">\n\t\t\t\t\t\t<ul>\n<li>Noon advertising panel setup and account configuration.<\/li>\n<li>Defining the target audience and keyword strategy.<\/li>\n<li>Creating sponsored product campaigns<\/li>\n<li>Optimizing the budget and bids.<\/li>\n<li>Advertising performance tracking and reporting.<\/li>\n<\/ul>\t\t\t\t\t<\/div>\n\t\t\t\t\n\t\t\t\t\t\t\t\t\t<div class=\"elementor-cta__button-wrapper elementor-cta__content-item elementor-content-item\">\n\t\t\t\t\t<span class=\"elementor-cta__button elementor-button elementor-size-\">\n\t\t\t\t\t\tRead More\t\t\t\t\t<\/span>\n\t\t\t\t\t<\/div>\n\t\t\t\t\t\t\t<\/div>\n\t\t\t\t\t\t<\/a>\n\t\t\t\t\t\t<\/div>\n\t\t\t\t<div class=\"elementor-element elementor-element-ec2ac73 elementor-cta--layout-image-above elementor-widget__width-initial service-card elementor-cta--skin-classic elementor-animated-content elementor-widget elementor-widget-call-to-action\" data-id=\"ec2ac73\" data-element_type=\"widget\" data-e-type=\"widget\" data-widget_type=\"call-to-action.default\">\n\t\t\t\t\t\t\t<a class=\"elementor-cta\" href=\"https:\/\/www.sellerpeak.net\/en\/services\/noon-360-seller-account-management\/\">\n\t\t\t\t\t<div class=\"elementor-cta__bg-wrapper\">\n\t\t\t\t<div class=\"elementor-cta__bg elementor-bg\" style=\"background-image: url(https:\/\/www.sellerpeak.net\/wp-content\/uploads\/2026\/02\/noon-satici-hesap-yonetimi.webp);\" role=\"img\" aria-label=\"noon-satici-hesap-yonetimi\"><\/div>\n\t\t\t\t<div class=\"elementor-cta__bg-overlay\"><\/div>\n\t\t\t<\/div>\n\t\t\t\t\t\t\t<div class=\"elementor-cta__content\">\n\t\t\t\t\n\t\t\t\t\t\t\t\t\t<h2 class=\"elementor-cta__title elementor-cta__content-item elementor-content-item\">\n\t\t\t\t\t\tNoon 360\u00b0 Seller Account Management\t\t\t\t\t<\/h2>\n\t\t\t\t\n\t\t\t\t\t\t\t\t\t<div class=\"elementor-cta__description elementor-cta__content-item elementor-content-item\">\n\t\t\t\t\t\t<ul>\n<li>Product listing and content optimization<\/li>\n<li>Pricing and competitive analysis<\/li>\n<li>Management of inventory, order, and operations processes.<\/li>\n<li>Advertising and campaign optimization<\/li>\n<li>Regular monitoring of performance metrics and growth strategy.<\/li>\n<\/ul>\t\t\t\t\t<\/div>\n\t\t\t\t\n\t\t\t\t\t\t\t\t\t<div class=\"elementor-cta__button-wrapper elementor-cta__content-item elementor-content-item\">\n\t\t\t\t\t<span class=\"elementor-cta__button elementor-button elementor-size-\">\n\t\t\t\t\t\tRead More\t\t\t\t\t<\/span>\n\t\t\t\t\t<\/div>\n\t\t\t\t\t\t\t<\/div>\n\t\t\t\t\t\t<\/a>\n\t\t\t\t\t\t<\/div>\n\t\t\t\t<\/div>\n\t\t\t\t\t<\/div>\n\t\t\t\t<\/div>\n\t\t<div class=\"elementor-element elementor-element-7f9969f e-flex e-con-boxed e-con e-parent\" data-id=\"7f9969f\" data-element_type=\"container\" data-e-type=\"container\" data-settings=\"{&quot;background_background&quot;:&quot;classic&quot;}\">\n\t\t\t\t\t<div class=\"e-con-inner\">\n\t\t\t\t<div class=\"elementor-element elementor-element-e7d044e elementor-widget elementor-widget-heading\" data-id=\"e7d044e\" data-element_type=\"widget\" data-e-type=\"widget\" data-widget_type=\"heading.default\">\n\t\t\t\t\t<p class=\"elementor-heading-title elementor-size-default\">24\/7 Communication<\/p>\t\t\t\t<\/div>\n\t\t\t\t<div class=\"elementor-element elementor-element-5c3cdff elementor-widget elementor-widget-heading\" data-id=\"5c3cdff\" data-element_type=\"widget\" data-e-type=\"widget\" data-widget_type=\"heading.default\">\n\t\t\t\t\t<h3 class=\"elementor-heading-title elementor-size-default translation-block\">Do you have any questions?\n<br>\nLet us call you<span style=\"color:#FF8000\"> right away.<\/span><\/h3>\t\t\t\t<\/div>\n\t\t\t\t<div class=\"elementor-element elementor-element-bd853a7 elementor-widget elementor-widget-button\" data-id=\"bd853a7\" data-element_type=\"widget\" data-e-type=\"widget\" data-widget_type=\"button.default\">\n\t\t\t\t\t\t\t\t\t\t<a class=\"elementor-button elementor-button-link elementor-size-sm\" href=\"https:\/\/www.sellerpeak.net\/en\/communication\/\">\n\t\t\t\t\t\t<span class=\"elementor-button-content-wrapper\">\n\t\t\t\t\t\t\t\t\t<span class=\"elementor-button-text\">Contact Us<\/span>\n\t\t\t\t\t<\/span>\n\t\t\t\t\t<\/a>\n\t\t\t\t\t\t\t\t<\/div>\n\t\t\t\t\t<\/div>\n\t\t\t\t<\/div>\n\t\t\t\t<\/div>","protected":false},"excerpt":{"rendered":"<p>Noon Hizmetleri Noon Sat\u0131c\u0131 Hesap A\u00e7\u0131l\u0131\u015f\u0131 Noon sat\u0131c\u0131 hesab\u0131 ba\u015fvuru ve do\u011frulama s\u00fcreci \u015eirket, vergi ve \u00f6deme bilgilerinin entegrasyonu Ma\u011faza profil ve sat\u0131\u015f ayarlar\u0131n\u0131n yap\u0131land\u0131r\u0131lmas\u0131 Kategori ve \u00fcr\u00fcn listeleme altyap\u0131s\u0131n\u0131n olu\u015fturulmas\u0131 Sat\u0131\u015fa haz\u0131r, optimize edilmi\u015f ma\u011faza kurulumu Devam\u0131n\u0131 Oku Noon Reklam Kurulumu Noon reklam paneli kurulum ve hesap yap\u0131land\u0131rmas\u0131 Hedef kitle ve anahtar kelime stratejisinin<\/p>","protected":false},"author":1,"featured_media":0,"parent":0,"menu_order":0,"comment_status":"closed","ping_status":"closed","template":"","meta":{"_acf_changed":false,"footnotes":""},"class_list":["post-9649","page","type-page","status-publish","hentry"],"acf":[],"_links":{"self":[{"href":"https:\/\/www.sellerpeak.net\/en\/wp-json\/wp\/v2\/pages\/9649","targetHints":{"allow":["GET"]}}],"collection":[{"href":"https:\/\/www.sellerpeak.net\/en\/wp-json\/wp\/v2\/pages"}],"about":[{"href":"https:\/\/www.sellerpeak.net\/en\/wp-json\/wp\/v2\/types\/page"}],"author":[{"embeddable":true,"href":"https:\/\/www.sellerpeak.net\/en\/wp-json\/wp\/v2\/users\/1"}],"replies":[{"embeddable":true,"href":"https:\/\/www.sellerpeak.net\/en\/wp-json\/wp\/v2\/comments?post=9649"}],"version-history":[{"count":10,"href":"https:\/\/www.sellerpeak.net\/en\/wp-json\/wp\/v2\/pages\/9649\/revisions"}],"predecessor-version":[{"id":10175,"href":"https:\/\/www.sellerpeak.net\/en\/wp-json\/wp\/v2\/pages\/9649\/revisions\/10175"}],"wp:attachment":[{"href":"https:\/\/www.sellerpeak.net\/en\/wp-json\/wp\/v2\/media?parent=9649"}],"curies":[{"name":"wp","href":"https:\/\/api.w.org\/{rel}","templated":true}]}}