{"id":9731,"date":"2026-02-23T14:19:54","date_gmt":"2026-02-23T11:19:54","guid":{"rendered":"https:\/\/www.sellerpeak.net\/?page_id=9731"},"modified":"2026-03-05T11:31:43","modified_gmt":"2026-03-05T08:31:43","slug":"payment-instrument-services","status":"publish","type":"page","link":"https:\/\/www.sellerpeak.net\/en\/payment-instrument-services\/","title":{"rendered":"Payment Services"},"content":{"rendered":"<div data-elementor-type=\"wp-page\" data-elementor-id=\"9731\" class=\"elementor elementor-9731\" data-elementor-post-type=\"page\">\n\t\t\t\t<div class=\"elementor-element elementor-element-978c5be e-flex e-con-boxed e-con e-parent\" data-id=\"978c5be\" data-element_type=\"container\" data-e-type=\"container\" data-settings=\"{&quot;background_background&quot;:&quot;classic&quot;}\">\n\t\t\t\t\t<div class=\"e-con-inner\">\n\t\t\t\t<div class=\"elementor-element elementor-element-d7070d8 elementor-widget elementor-widget-heading\" data-id=\"d7070d8\" data-element_type=\"widget\" data-e-type=\"widget\" data-widget_type=\"heading.default\">\n\t\t\t\t\t<h2 class=\"elementor-heading-title elementor-size-default\">Payment Services<\/h2>\t\t\t\t<\/div>\n\t\t\t\t\t<\/div>\n\t\t\t\t<\/div>\n\t\t<div class=\"elementor-element elementor-element-a22ff66 e-flex e-con-boxed e-con e-parent\" data-id=\"a22ff66\" data-element_type=\"container\" data-e-type=\"container\">\n\t\t\t\t\t<div class=\"e-con-inner\">\n\t\t<div class=\"elementor-element elementor-element-c6e3af5 e-con-full e-grid e-con e-child\" data-id=\"c6e3af5\" data-element_type=\"container\" data-e-type=\"container\">\n\t\t\t\t<div class=\"elementor-element elementor-element-784189a elementor-cta--layout-image-above elementor-widget__width-initial service-card elementor-cta--skin-classic elementor-animated-content elementor-widget elementor-widget-call-to-action\" data-id=\"784189a\" data-element_type=\"widget\" data-e-type=\"widget\" data-widget_type=\"call-to-action.default\">\n\t\t\t\t\t\t\t<a class=\"elementor-cta\" href=\"https:\/\/www.sellerpeak.net\/en\/services\/zyla-bank-account-opening\/\">\n\t\t\t\t\t<div class=\"elementor-cta__bg-wrapper\">\n\t\t\t\t<div class=\"elementor-cta__bg elementor-bg\" style=\"background-image: url(https:\/\/www.sellerpeak.net\/wp-content\/uploads\/2026\/02\/zyla-banka-hesap-acilisi.webp);\" role=\"img\" aria-label=\"zyla-banka-hesap-acilisi\"><\/div>\n\t\t\t\t<div class=\"elementor-cta__bg-overlay\"><\/div>\n\t\t\t<\/div>\n\t\t\t\t\t\t\t<div class=\"elementor-cta__content\">\n\t\t\t\t\n\t\t\t\t\t\t\t\t\t<h2 class=\"elementor-cta__title elementor-cta__content-item elementor-content-item\">\n\t\t\t\t\t\tZyla Bank Account Opening\t\t\t\t\t<\/h2>\n\t\t\t\t\n\t\t\t\t\t\t\t\t\t<div class=\"elementor-cta__description elementor-cta__content-item elementor-content-item\">\n\t\t\t\t\t\t<ul>\n<li>Zyla bank account application and setup process<\/li>\n<li>Verification of identity and company documents.<\/li>\n<li>Integration of international payment infrastructure.<\/li>\n<li>Configuring account security and access settings.<\/li>\n<li>Delivery of an active and ready-to-use bank account.<\/li>\n<\/ul>\t\t\t\t\t<\/div>\n\t\t\t\t\n\t\t\t\t\t\t\t\t\t<div class=\"elementor-cta__button-wrapper elementor-cta__content-item elementor-content-item\">\n\t\t\t\t\t<span class=\"elementor-cta__button elementor-button elementor-size-\">\n\t\t\t\t\t\tRead More\t\t\t\t\t<\/span>\n\t\t\t\t\t<\/div>\n\t\t\t\t\t\t\t<\/div>\n\t\t\t\t\t\t<\/a>\n\t\t\t\t\t\t<\/div>\n\t\t\t\t<div class=\"elementor-element elementor-element-0c03071 elementor-cta--layout-image-above elementor-widget__width-initial service-card elementor-cta--skin-classic elementor-animated-content elementor-widget elementor-widget-call-to-action\" data-id=\"0c03071\" data-element_type=\"widget\" data-e-type=\"widget\" data-widget_type=\"call-to-action.default\">\n\t\t\t\t\t\t\t<a class=\"elementor-cta\" href=\"https:\/\/www.sellerpeak.net\/en\/services\/payoneer-account-opening\/\">\n\t\t\t\t\t<div class=\"elementor-cta__bg-wrapper\">\n\t\t\t\t<div class=\"elementor-cta__bg elementor-bg\" style=\"background-image: url(https:\/\/www.sellerpeak.net\/wp-content\/uploads\/2026\/02\/payoneer-hesap-acilisi.webp);\" role=\"img\" aria-label=\"payoneer-hesap-acilisi\"><\/div>\n\t\t\t\t<div class=\"elementor-cta__bg-overlay\"><\/div>\n\t\t\t<\/div>\n\t\t\t\t\t\t\t<div class=\"elementor-cta__content\">\n\t\t\t\t\n\t\t\t\t\t\t\t\t\t<h2 class=\"elementor-cta__title elementor-cta__content-item elementor-content-item\">\n\t\t\t\t\t\tPayoneer Account Opening\t\t\t\t\t<\/h2>\n\t\t\t\t\n\t\t\t\t\t\t\t\t\t<div class=\"elementor-cta__description elementor-cta__content-item elementor-content-item\">\n\t\t\t\t\t\t<ul>\n<li>Payoneer account application and verification process<\/li>\n<li>Integration of identity and company documents<\/li>\n<li>Establishment of global payment infrastructure.<\/li>\n<li>Marketplace and e-commerce integration settings.<\/li>\n<li>Delivery of an active and ready-to-use payment account.<\/li>\n<\/ul>\t\t\t\t\t<\/div>\n\t\t\t\t\n\t\t\t\t\t\t\t\t\t<div class=\"elementor-cta__button-wrapper elementor-cta__content-item elementor-content-item\">\n\t\t\t\t\t<span class=\"elementor-cta__button elementor-button elementor-size-\">\n\t\t\t\t\t\tRead More\t\t\t\t\t<\/span>\n\t\t\t\t\t<\/div>\n\t\t\t\t\t\t\t<\/div>\n\t\t\t\t\t\t<\/a>\n\t\t\t\t\t\t<\/div>\n\t\t\t\t<\/div>\n\t\t\t\t\t<\/div>\n\t\t\t\t<\/div>\n\t\t<div class=\"elementor-element elementor-element-7f9969f e-flex e-con-boxed e-con e-parent\" data-id=\"7f9969f\" data-element_type=\"container\" data-e-type=\"container\" data-settings=\"{&quot;background_background&quot;:&quot;classic&quot;}\">\n\t\t\t\t\t<div class=\"e-con-inner\">\n\t\t\t\t<div class=\"elementor-element elementor-element-e7d044e elementor-widget elementor-widget-heading\" data-id=\"e7d044e\" data-element_type=\"widget\" data-e-type=\"widget\" data-widget_type=\"heading.default\">\n\t\t\t\t\t<p class=\"elementor-heading-title elementor-size-default\">24\/7 Communication<\/p>\t\t\t\t<\/div>\n\t\t\t\t<div class=\"elementor-element elementor-element-5c3cdff elementor-widget elementor-widget-heading\" data-id=\"5c3cdff\" data-element_type=\"widget\" data-e-type=\"widget\" data-widget_type=\"heading.default\">\n\t\t\t\t\t<h3 class=\"elementor-heading-title elementor-size-default translation-block\">Do you have any questions?\n<br>\nLet us call you<span style=\"color:#FF8000\"> right away.<\/span><\/h3>\t\t\t\t<\/div>\n\t\t\t\t<div class=\"elementor-element elementor-element-bd853a7 elementor-widget elementor-widget-button\" data-id=\"bd853a7\" data-element_type=\"widget\" data-e-type=\"widget\" data-widget_type=\"button.default\">\n\t\t\t\t\t\t\t\t\t\t<a class=\"elementor-button elementor-button-link elementor-size-sm\" href=\"https:\/\/www.sellerpeak.net\/en\/communication\/\">\n\t\t\t\t\t\t<span class=\"elementor-button-content-wrapper\">\n\t\t\t\t\t\t\t\t\t<span class=\"elementor-button-text\">Contact Us<\/span>\n\t\t\t\t\t<\/span>\n\t\t\t\t\t<\/a>\n\t\t\t\t\t\t\t\t<\/div>\n\t\t\t\t\t<\/div>\n\t\t\t\t<\/div>\n\t\t\t\t<\/div>","protected":false},"excerpt":{"rendered":"<p>\u00d6deme Arac\u0131 Hizmetleri Zyla Banka Hesap A\u00e7\u0131l\u0131\u015f\u0131 Zyla banka hesab\u0131 ba\u015fvuru ve kurulum s\u00fcreci Kimlik ve \u015firket belgelerinin do\u011frulanmas\u0131 Uluslararas\u0131 \u00f6deme altyap\u0131s\u0131n\u0131n entegrasyonu Hesap g\u00fcvenlik ve eri\u015fim ayarlar\u0131n\u0131n yap\u0131land\u0131r\u0131lmas\u0131 Aktif ve kullan\u0131ma haz\u0131r banka hesab\u0131 teslimi Devam\u0131n\u0131 Oku Payoneer Hesap A\u00e7\u0131l\u0131\u015f\u0131 Payoneer hesap ba\u015fvuru ve do\u011frulama s\u00fcreci Kimlik ve \u015firket belgelerinin entegrasyonu Global \u00f6deme altyap\u0131s\u0131n\u0131n<\/p>","protected":false},"author":1,"featured_media":0,"parent":0,"menu_order":0,"comment_status":"closed","ping_status":"closed","template":"","meta":{"_acf_changed":false,"footnotes":""},"class_list":["post-9731","page","type-page","status-publish","hentry"],"acf":[],"_links":{"self":[{"href":"https:\/\/www.sellerpeak.net\/en\/wp-json\/wp\/v2\/pages\/9731","targetHints":{"allow":["GET"]}}],"collection":[{"href":"https:\/\/www.sellerpeak.net\/en\/wp-json\/wp\/v2\/pages"}],"about":[{"href":"https:\/\/www.sellerpeak.net\/en\/wp-json\/wp\/v2\/types\/page"}],"author":[{"embeddable":true,"href":"https:\/\/www.sellerpeak.net\/en\/wp-json\/wp\/v2\/users\/1"}],"replies":[{"embeddable":true,"href":"https:\/\/www.sellerpeak.net\/en\/wp-json\/wp\/v2\/comments?post=9731"}],"version-history":[{"count":11,"href":"https:\/\/www.sellerpeak.net\/en\/wp-json\/wp\/v2\/pages\/9731\/revisions"}],"predecessor-version":[{"id":10217,"href":"https:\/\/www.sellerpeak.net\/en\/wp-json\/wp\/v2\/pages\/9731\/revisions\/10217"}],"wp:attachment":[{"href":"https:\/\/www.sellerpeak.net\/en\/wp-json\/wp\/v2\/media?parent=9731"}],"curies":[{"name":"wp","href":"https:\/\/api.w.org\/{rel}","templated":true}]}}