{"id":9767,"date":"2026-02-23T16:39:08","date_gmt":"2026-02-23T13:39:08","guid":{"rendered":"https:\/\/www.sellerpeak.net\/?page_id=9767"},"modified":"2026-03-05T11:54:25","modified_gmt":"2026-03-05T08:54:25","slug":"russia-our-services","status":"publish","type":"page","link":"https:\/\/www.sellerpeak.net\/en\/russia-our-services\/","title":{"rendered":"Rusya Hizmetlerimiz"},"content":{"rendered":"<div data-elementor-type=\"wp-page\" data-elementor-id=\"9767\" class=\"elementor elementor-9767\" data-elementor-post-type=\"page\">\n\t\t\t\t<div class=\"elementor-element elementor-element-6896774 e-flex e-con-boxed e-con e-parent\" data-id=\"6896774\" data-element_type=\"container\" data-e-type=\"container\" data-settings=\"{&quot;background_background&quot;:&quot;classic&quot;}\">\n\t\t\t\t\t<div class=\"e-con-inner\">\n\t\t\t\t\t<\/div>\n\t\t\t\t<\/div>\n\t\t<div class=\"elementor-element elementor-element-fd072f1 e-flex e-con-boxed e-con e-parent\" data-id=\"fd072f1\" data-element_type=\"container\" data-e-type=\"container\">\n\t\t\t\t\t<div class=\"e-con-inner\">\n\t\t<div class=\"elementor-element elementor-element-728233f e-con-full e-flex e-con e-child\" data-id=\"728233f\" data-element_type=\"container\" data-e-type=\"container\">\n\t\t<div class=\"elementor-element elementor-element-1f58666 e-con-full e-grid e-con e-child\" data-id=\"1f58666\" data-element_type=\"container\" data-e-type=\"container\">\n\t\t\t\t<div class=\"elementor-element elementor-element-9710099 elementor-cta--layout-image-above elementor-widget__width-initial service-card elementor-cta--skin-classic elementor-animated-content elementor-widget elementor-widget-call-to-action\" data-id=\"9710099\" data-element_type=\"widget\" data-e-type=\"widget\" data-widget_type=\"call-to-action.default\">\n\t\t\t\t\t\t\t<a class=\"elementor-cta\" href=\"https:\/\/www.sellerpeak.net\/en\/services\/ozon-seller-account-opening\/\">\n\t\t\t\t\t<div class=\"elementor-cta__bg-wrapper\">\n\t\t\t\t<div class=\"elementor-cta__bg elementor-bg\" style=\"background-image: url(https:\/\/www.sellerpeak.net\/wp-content\/uploads\/2026\/02\/ozon-satici-hesap-acilisi.webp);\" role=\"img\" aria-label=\"ozon-satici-hesap-acilisi\"><\/div>\n\t\t\t\t<div class=\"elementor-cta__bg-overlay\"><\/div>\n\t\t\t<\/div>\n\t\t\t\t\t\t\t<div class=\"elementor-cta__content\">\n\t\t\t\t\n\t\t\t\t\t\t\t\t\t<h2 class=\"elementor-cta__title elementor-cta__content-item elementor-content-item\">\n\t\t\t\t\t\tOzon Seller Account Opening\t\t\t\t\t<\/h2>\n\t\t\t\t\n\t\t\t\t\t\t\t\t\t<div class=\"elementor-cta__description elementor-cta__content-item elementor-content-item\">\n\t\t\t\t\t\t<ul>\n<li>Ozon vendor account application and setup process<\/li>\n<li>Integration of company and tax information into the system.<\/li>\n<li>Brand and store structuring<\/li>\n<li>Configuring category and sales settings<\/li>\n<li>Initial product upload and basic SEO optimization.<\/li>\n<\/ul>\t\t\t\t\t<\/div>\n\t\t\t\t\n\t\t\t\t\t\t\t\t\t<div class=\"elementor-cta__button-wrapper elementor-cta__content-item elementor-content-item\">\n\t\t\t\t\t<span class=\"elementor-cta__button elementor-button elementor-size-\">\n\t\t\t\t\t\tRead More\t\t\t\t\t<\/span>\n\t\t\t\t\t<\/div>\n\t\t\t\t\t\t\t<\/div>\n\t\t\t\t\t\t<\/a>\n\t\t\t\t\t\t<\/div>\n\t\t\t\t<div class=\"elementor-element elementor-element-b0f4480 elementor-cta--layout-image-above elementor-widget__width-initial service-card elementor-cta--skin-classic elementor-animated-content elementor-widget elementor-widget-call-to-action\" data-id=\"b0f4480\" data-element_type=\"widget\" data-e-type=\"widget\" data-widget_type=\"call-to-action.default\">\n\t\t\t\t\t\t\t<a class=\"elementor-cta\" href=\"https:\/\/www.sellerpeak.net\/en\/services\/ozon-360-seller-account-management\/\">\n\t\t\t\t\t<div class=\"elementor-cta__bg-wrapper\">\n\t\t\t\t<div class=\"elementor-cta__bg elementor-bg\" style=\"background-image: url(https:\/\/www.sellerpeak.net\/wp-content\/uploads\/2026\/02\/ozon-satici-hesap-yonetimi.webp);\" role=\"img\" aria-label=\"ozon-satici-hesap-yonetimi\"><\/div>\n\t\t\t\t<div class=\"elementor-cta__bg-overlay\"><\/div>\n\t\t\t<\/div>\n\t\t\t\t\t\t\t<div class=\"elementor-cta__content\">\n\t\t\t\t\n\t\t\t\t\t\t\t\t\t<h2 class=\"elementor-cta__title elementor-cta__content-item elementor-content-item\">\n\t\t\t\t\t\tOzon 360\u00b0 Seller Account Management\t\t\t\t\t<\/h2>\n\t\t\t\t\n\t\t\t\t\t\t\t\t\t<div class=\"elementor-cta__description elementor-cta__content-item elementor-content-item\">\n\t\t\t\t\t\t<ul>\n<li>Product listing and content optimization<\/li>\n<li>Pricing and competitive analysis<\/li>\n<li>Management of inventory and operational processes.<\/li>\n<li>Regular monitoring and reporting of performance metrics.<\/li>\n<li>Advertising and campaign optimization<\/li>\n<\/ul>\t\t\t\t\t<\/div>\n\t\t\t\t\n\t\t\t\t\t\t\t\t\t<div class=\"elementor-cta__button-wrapper elementor-cta__content-item elementor-content-item\">\n\t\t\t\t\t<span class=\"elementor-cta__button elementor-button elementor-size-\">\n\t\t\t\t\t\tRead More\t\t\t\t\t<\/span>\n\t\t\t\t\t<\/div>\n\t\t\t\t\t\t\t<\/div>\n\t\t\t\t\t\t<\/a>\n\t\t\t\t\t\t<\/div>\n\t\t\t\t<div class=\"elementor-element elementor-element-863cd8d elementor-cta--layout-image-above elementor-widget__width-initial service-card elementor-cta--skin-classic elementor-animated-content elementor-widget elementor-widget-call-to-action\" data-id=\"863cd8d\" data-element_type=\"widget\" data-e-type=\"widget\" data-widget_type=\"call-to-action.default\">\n\t\t\t\t\t\t\t<a class=\"elementor-cta\" href=\"https:\/\/www.sellerpeak.net\/en\/services\/ozon-advertising-installation\/\">\n\t\t\t\t\t<div class=\"elementor-cta__bg-wrapper\">\n\t\t\t\t<div class=\"elementor-cta__bg elementor-bg\" style=\"background-image: url(https:\/\/www.sellerpeak.net\/wp-content\/uploads\/2026\/02\/ozon-reklam-kurulumu.webp);\" role=\"img\" aria-label=\"ozon-reklam-kurulumu\"><\/div>\n\t\t\t\t<div class=\"elementor-cta__bg-overlay\"><\/div>\n\t\t\t<\/div>\n\t\t\t\t\t\t\t<div class=\"elementor-cta__content\">\n\t\t\t\t\n\t\t\t\t\t\t\t\t\t<h2 class=\"elementor-cta__title elementor-cta__content-item elementor-content-item\">\n\t\t\t\t\t\tOzon Advertising Setup\t\t\t\t\t<\/h2>\n\t\t\t\t\n\t\t\t\t\t\t\t\t\t<div class=\"elementor-cta__description elementor-cta__content-item elementor-content-item\">\n\t\t\t\t\t\t<ul>\n<li>Ozon advertising panel installation<\/li>\n<li>Keyword and targeting strategy<\/li>\n<li>Launch a sponsored campaign<\/li>\n<li>Budget and bid optimization<\/li>\n<li>Performance tracking and reporting<\/li>\n<\/ul>\t\t\t\t\t<\/div>\n\t\t\t\t\n\t\t\t\t\t\t\t\t\t<div class=\"elementor-cta__button-wrapper elementor-cta__content-item elementor-content-item\">\n\t\t\t\t\t<span class=\"elementor-cta__button elementor-button elementor-size-\">\n\t\t\t\t\t\tRead More\t\t\t\t\t<\/span>\n\t\t\t\t\t<\/div>\n\t\t\t\t\t\t\t<\/div>\n\t\t\t\t\t\t<\/a>\n\t\t\t\t\t\t<\/div>\n\t\t\t\t<div class=\"elementor-element elementor-element-1620f75 elementor-cta--layout-image-above elementor-widget__width-initial service-card elementor-cta--skin-classic elementor-animated-content elementor-widget elementor-widget-call-to-action\" data-id=\"1620f75\" data-element_type=\"widget\" data-e-type=\"widget\" data-widget_type=\"call-to-action.default\">\n\t\t\t\t\t\t\t<a class=\"elementor-cta\" href=\"https:\/\/www.sellerpeak.net\/en\/services\/marketplace-integration-setup-automation\/\">\n\t\t\t\t\t<div class=\"elementor-cta__bg-wrapper\">\n\t\t\t\t<div class=\"elementor-cta__bg elementor-bg\" style=\"background-image: url(https:\/\/www.sellerpeak.net\/wp-content\/uploads\/2026\/02\/pazaryeri-entegrasyon-otomasyon-paketi.webp);\" role=\"img\" aria-label=\"pazaryeri-entegrasyon-otomasyon-paketi\"><\/div>\n\t\t\t\t<div class=\"elementor-cta__bg-overlay\"><\/div>\n\t\t\t<\/div>\n\t\t\t\t\t\t\t<div class=\"elementor-cta__content\">\n\t\t\t\t\n\t\t\t\t\t\t\t\t\t<h2 class=\"elementor-cta__title elementor-cta__content-item elementor-content-item\">\n\t\t\t\t\t\tMarketplace Integration Setup &amp; Automation\t\t\t\t\t<\/h2>\n\t\t\t\t\n\t\t\t\t\t\t\t\t\t<div class=\"elementor-cta__description elementor-cta__content-item elementor-content-item\">\n\t\t\t\t\t\t<ul>\n  <li>Establishment of marketplace integration infrastructure.<\/li>\n  <li>Product, stock, and price synchronization.<\/li>\n  <li>Order and invoice automation integration<\/li>\n  <li>Multi-channel panel configuration<\/li>\n  <li>Installation of automated reporting and data flow systems.<\/li>\n<\/ul>\t\t\t\t\t<\/div>\n\t\t\t\t\n\t\t\t\t\t\t\t\t\t<div class=\"elementor-cta__button-wrapper elementor-cta__content-item elementor-content-item\">\n\t\t\t\t\t<span class=\"elementor-cta__button elementor-button elementor-size-\">\n\t\t\t\t\t\tRead More\t\t\t\t\t<\/span>\n\t\t\t\t\t<\/div>\n\t\t\t\t\t\t\t<\/div>\n\t\t\t\t\t\t<\/a>\n\t\t\t\t\t\t<\/div>\n\t\t\t\t<\/div>\n\t\t\t\t<\/div>\n\t\t\t\t\t<\/div>\n\t\t\t\t<\/div>\n\t\t<div class=\"elementor-element elementor-element-a2f52a9 e-flex e-con-boxed e-con e-parent\" data-id=\"a2f52a9\" data-element_type=\"container\" data-e-type=\"container\" data-settings=\"{&quot;background_background&quot;:&quot;classic&quot;}\">\n\t\t\t\t\t<div class=\"e-con-inner\">\n\t\t\t\t<div class=\"elementor-element elementor-element-7b030ce elementor-widget elementor-widget-heading\" data-id=\"7b030ce\" data-element_type=\"widget\" data-e-type=\"widget\" data-widget_type=\"heading.default\">\n\t\t\t\t\t<p class=\"elementor-heading-title elementor-size-default\">24\/7 Communication<\/p>\t\t\t\t<\/div>\n\t\t\t\t<div class=\"elementor-element elementor-element-f7998dc elementor-widget elementor-widget-heading\" data-id=\"f7998dc\" data-element_type=\"widget\" data-e-type=\"widget\" data-widget_type=\"heading.default\">\n\t\t\t\t\t<h3 class=\"elementor-heading-title elementor-size-default translation-block\">Do you have any questions?\n<br>\nLet us call you<span style=\"color:#FF8000\"> right away.<\/span><\/h3>\t\t\t\t<\/div>\n\t\t\t\t<div class=\"elementor-element elementor-element-719d081 elementor-widget elementor-widget-button\" data-id=\"719d081\" data-element_type=\"widget\" data-e-type=\"widget\" data-widget_type=\"button.default\">\n\t\t\t\t\t\t\t\t\t\t<a class=\"elementor-button elementor-button-link elementor-size-sm\" href=\"https:\/\/www.sellerpeak.net\/en\/communication\/\">\n\t\t\t\t\t\t<span class=\"elementor-button-content-wrapper\">\n\t\t\t\t\t\t\t\t\t<span class=\"elementor-button-text\">Contact Us<\/span>\n\t\t\t\t\t<\/span>\n\t\t\t\t\t<\/a>\n\t\t\t\t\t\t\t\t<\/div>\n\t\t\t\t\t<\/div>\n\t\t\t\t<\/div>\n\t\t\t\t<\/div>","protected":false},"excerpt":{"rendered":"<p>Ozon Sat\u0131c\u0131 Hesap A\u00e7\u0131l\u0131\u015f\u0131 Ozon sat\u0131c\u0131 hesab\u0131 ba\u015fvuru ve kurulum s\u00fcreci \u015eirket ve vergi bilgilerinin sisteme entegrasyonu Marka ve ma\u011faza yap\u0131land\u0131rmas\u0131n\u0131n olu\u015fturulmas\u0131 Kategori ve sat\u0131\u015f ayarlar\u0131n\u0131n yap\u0131land\u0131r\u0131lmas\u0131 \u0130lk \u00fcr\u00fcn y\u00fckleme ve temel SEO optimizasyonu Devam\u0131n\u0131 Oku Ozon 360\u00b0 Sat\u0131c\u0131 Hesap Y\u00f6netimi \u00dcr\u00fcn listeleme ve i\u00e7erik optimizasyonu Fiyatland\u0131rma ve rekabet analizi Stok ve operasyon s\u00fcre\u00e7lerinin y\u00f6netimi<\/p>","protected":false},"author":1,"featured_media":0,"parent":0,"menu_order":0,"comment_status":"closed","ping_status":"closed","template":"","meta":{"_acf_changed":false,"footnotes":""},"class_list":["post-9767","page","type-page","status-publish","hentry"],"acf":[],"_links":{"self":[{"href":"https:\/\/www.sellerpeak.net\/en\/wp-json\/wp\/v2\/pages\/9767","targetHints":{"allow":["GET"]}}],"collection":[{"href":"https:\/\/www.sellerpeak.net\/en\/wp-json\/wp\/v2\/pages"}],"about":[{"href":"https:\/\/www.sellerpeak.net\/en\/wp-json\/wp\/v2\/types\/page"}],"author":[{"embeddable":true,"href":"https:\/\/www.sellerpeak.net\/en\/wp-json\/wp\/v2\/users\/1"}],"replies":[{"embeddable":true,"href":"https:\/\/www.sellerpeak.net\/en\/wp-json\/wp\/v2\/comments?post=9767"}],"version-history":[{"count":13,"href":"https:\/\/www.sellerpeak.net\/en\/wp-json\/wp\/v2\/pages\/9767\/revisions"}],"predecessor-version":[{"id":10260,"href":"https:\/\/www.sellerpeak.net\/en\/wp-json\/wp\/v2\/pages\/9767\/revisions\/10260"}],"wp:attachment":[{"href":"https:\/\/www.sellerpeak.net\/en\/wp-json\/wp\/v2\/media?parent=9767"}],"curies":[{"name":"wp","href":"https:\/\/api.w.org\/{rel}","templated":true}]}}