{"id":9865,"date":"2026-02-24T14:08:44","date_gmt":"2026-02-24T11:08:44","guid":{"rendered":"https:\/\/www.sellerpeak.net\/?page_id=9865"},"modified":"2026-03-05T11:52:15","modified_gmt":"2026-03-05T08:52:15","slug":"europe-our-services","status":"publish","type":"page","link":"https:\/\/www.sellerpeak.net\/en\/europe-our-services\/","title":{"rendered":"Our European Services"},"content":{"rendered":"<div data-elementor-type=\"wp-page\" data-elementor-id=\"9865\" class=\"elementor elementor-9865\" data-elementor-post-type=\"page\">\n\t\t\t\t<div class=\"elementor-element elementor-element-6896774 e-flex e-con-boxed e-con e-parent\" data-id=\"6896774\" data-element_type=\"container\" data-e-type=\"container\" data-settings=\"{&quot;background_background&quot;:&quot;classic&quot;}\">\n\t\t\t\t\t<div class=\"e-con-inner\">\n\t\t\t\t\t<\/div>\n\t\t\t\t<\/div>\n\t\t<div class=\"elementor-element elementor-element-fd072f1 e-flex e-con-boxed e-con e-parent\" data-id=\"fd072f1\" data-element_type=\"container\" data-e-type=\"container\">\n\t\t\t\t\t<div class=\"e-con-inner\">\n\t\t<div class=\"elementor-element elementor-element-728233f e-con-full e-flex e-con e-child\" data-id=\"728233f\" data-element_type=\"container\" data-e-type=\"container\">\n\t\t\t\t<div class=\"elementor-element elementor-element-e72386e e-n-tabs-none elementor-widget elementor-widget-n-tabs\" data-id=\"e72386e\" data-element_type=\"widget\" data-e-type=\"widget\" data-settings=\"{&quot;tabs_justify_horizontal&quot;:&quot;stretch&quot;,&quot;horizontal_scroll&quot;:&quot;enable&quot;}\" data-widget_type=\"nested-tabs.default\">\n\t\t\t\t\t\t\t<div class=\"e-n-tabs\" data-widget-number=\"242366574\" aria-label=\"Tabs. Open items with Enter or Space, close with Escape and navigate using the Arrow keys.\">\n\t\t\t<div class=\"e-n-tabs-heading\" role=\"tablist\">\n\t\t\t\t\t<button id=\"e-n-tab-title-2423665741\" data-tab-title-id=\"e-n-tab-title-2423665741\" class=\"e-n-tab-title\" aria-selected=\"true\" data-tab-index=\"1\" role=\"tab\" tabindex=\"0\" aria-controls=\"e-n-tab-content-2423665741\" style=\"--n-tabs-title-order: 1;\">\n\t\t\t\t\t\t<span class=\"e-n-tab-title-text\">\n\t\t\t\tMarketplace Services\t\t\t<\/span>\n\t\t<\/button>\n\t\t\t\t<button id=\"e-n-tab-title-2423665742\" data-tab-title-id=\"e-n-tab-title-2423665742\" class=\"e-n-tab-title\" aria-selected=\"false\" data-tab-index=\"2\" role=\"tab\" tabindex=\"-1\" aria-controls=\"e-n-tab-content-2423665742\" style=\"--n-tabs-title-order: 2;\">\n\t\t\t\t\t\t<span class=\"e-n-tab-title-text\">\n\t\t\t\tCompany Services\t\t\t<\/span>\n\t\t<\/button>\n\t\t\t\t\t<\/div>\n\t\t\t<div class=\"e-n-tabs-content\">\n\t\t\t\t<div id=\"e-n-tab-content-2423665741\" role=\"tabpanel\" aria-labelledby=\"e-n-tab-title-2423665741\" data-tab-index=\"1\" style=\"--n-tabs-title-order: 1;\" class=\"e-active elementor-element elementor-element-f8781a2 e-con-full e-flex e-con e-child\" data-id=\"f8781a2\" data-element_type=\"container\" data-e-type=\"container\">\n\t\t<div class=\"elementor-element elementor-element-dca5519 e-con-full e-grid e-con e-child\" data-id=\"dca5519\" data-element_type=\"container\" data-e-type=\"container\">\n\t\t\t\t<div class=\"elementor-element elementor-element-12f51b1 elementor-cta--layout-image-above elementor-widget__width-initial service-card elementor-cta--skin-classic elementor-animated-content elementor-widget elementor-widget-call-to-action\" data-id=\"12f51b1\" data-element_type=\"widget\" data-e-type=\"widget\" data-widget_type=\"call-to-action.default\">\n\t\t\t\t\t\t\t<a class=\"elementor-cta\" href=\"https:\/\/www.sellerpeak.net\/en\/services\/amazon-seller-account-opening\/\">\n\t\t\t\t\t<div class=\"elementor-cta__bg-wrapper\">\n\t\t\t\t<div class=\"elementor-cta__bg elementor-bg\" style=\"background-image: url(https:\/\/www.sellerpeak.net\/wp-content\/uploads\/2026\/03\/amazon-satici-hesap-acilisi-ic-sayfa.webp);\" role=\"img\" aria-label=\"amazon-satici-hesap-acilisi-ic-sayfa\"><\/div>\n\t\t\t\t<div class=\"elementor-cta__bg-overlay\"><\/div>\n\t\t\t<\/div>\n\t\t\t\t\t\t\t<div class=\"elementor-cta__content\">\n\t\t\t\t\n\t\t\t\t\t\t\t\t\t<h2 class=\"elementor-cta__title elementor-cta__content-item elementor-content-item\">\n\t\t\t\t\t\tAmazon Seller Account Opening\t\t\t\t\t<\/h2>\n\t\t\t\t\n\t\t\t\t\t\t\t\t\t<div class=\"elementor-cta__description elementor-cta__content-item elementor-content-item\">\n\t\t\t\t\t\t<ul>\n<li data-start=\"33\" data-end=\"69\">\n<p data-start=\"35\" data-end=\"69\">Quick and hassle-free account setup<\/p>\n<\/li>\n<li data-start=\"70\" data-end=\"107\">\n<p data-start=\"72\" data-end=\"107\">Professional support during the approval process<\/p>\n<\/li>\n<li data-start=\"108\" data-end=\"141\">\n<p data-start=\"110\" data-end=\"141\">Strong start in the global market<\/p>\n<\/li>\n<li data-start=\"142\" data-end=\"176\">\n<p data-start=\"144\" data-end=\"176\">Installation that minimizes risks<\/p>\n<\/li>\n<li data-start=\"177\" data-end=\"217\">\n<p data-start=\"179\" data-end=\"217\">Ready-to-sell, optimized account<\/p>\n<\/li>\n<\/ul>\t\t\t\t\t<\/div>\n\t\t\t\t\n\t\t\t\t\t\t\t\t\t<div class=\"elementor-cta__button-wrapper elementor-cta__content-item elementor-content-item\">\n\t\t\t\t\t<span class=\"elementor-cta__button elementor-button elementor-size-\">\n\t\t\t\t\t\tRead More\t\t\t\t\t<\/span>\n\t\t\t\t\t<\/div>\n\t\t\t\t\t\t\t<\/div>\n\t\t\t\t\t\t<\/a>\n\t\t\t\t\t\t<\/div>\n\t\t\t\t<div class=\"elementor-element elementor-element-d3d4134 elementor-cta--layout-image-above elementor-widget__width-initial service-card elementor-cta--skin-classic elementor-animated-content elementor-widget elementor-widget-call-to-action\" data-id=\"d3d4134\" data-element_type=\"widget\" data-e-type=\"widget\" data-widget_type=\"call-to-action.default\">\n\t\t\t\t\t\t\t<a class=\"elementor-cta\" href=\"https:\/\/www.sellerpeak.net\/en\/services\/amazon-hesap-yonetim\/\">\n\t\t\t\t\t<div class=\"elementor-cta__bg-wrapper\">\n\t\t\t\t<div class=\"elementor-cta__bg elementor-bg\" style=\"background-image: url(https:\/\/www.sellerpeak.net\/wp-content\/uploads\/2026\/02\/amazon-hesap-yonetimi-nedir.webp);\" role=\"img\" aria-label=\"amazon-hesap-yonetimi-nedir\"><\/div>\n\t\t\t\t<div class=\"elementor-cta__bg-overlay\"><\/div>\n\t\t\t<\/div>\n\t\t\t\t\t\t\t<div class=\"elementor-cta__content\">\n\t\t\t\t\n\t\t\t\t\t\t\t\t\t<h2 class=\"elementor-cta__title elementor-cta__content-item elementor-content-item\">\n\t\t\t\t\t\tAmazon Account Management\t\t\t\t\t<\/h2>\n\t\t\t\t\n\t\t\t\t\t\t\t\t\t<div class=\"elementor-cta__description elementor-cta__content-item elementor-content-item\">\n\t\t\t\t\t\t<ul>\n<li>Amazon Seller Central setup &amp; verification<\/li>\n<li>Product listing (SEO-friendly content)<\/li>\n<li>FBA \/ FBM operations management<\/li>\n<li>Account health &amp; performance monitoring<\/li>\n<li>Sales and profitability optimization<\/li>\n<\/ul>\t\t\t\t\t<\/div>\n\t\t\t\t\n\t\t\t\t\t\t\t\t\t<div class=\"elementor-cta__button-wrapper elementor-cta__content-item elementor-content-item\">\n\t\t\t\t\t<span class=\"elementor-cta__button elementor-button elementor-size-\">\n\t\t\t\t\t\tRead More\t\t\t\t\t<\/span>\n\t\t\t\t\t<\/div>\n\t\t\t\t\t\t\t<\/div>\n\t\t\t\t\t\t<\/a>\n\t\t\t\t\t\t<\/div>\n\t\t\t\t<div class=\"elementor-element elementor-element-872f6bd elementor-cta--layout-image-above elementor-widget__width-initial service-card elementor-cta--skin-classic elementor-animated-content elementor-widget elementor-widget-call-to-action\" data-id=\"872f6bd\" data-element_type=\"widget\" data-e-type=\"widget\" data-widget_type=\"call-to-action.default\">\n\t\t\t\t\t\t\t<a class=\"elementor-cta\" href=\"https:\/\/www.sellerpeak.net\/en\/services\/amazon-ppc-setup-package\/\">\n\t\t\t\t\t<div class=\"elementor-cta__bg-wrapper\">\n\t\t\t\t<div class=\"elementor-cta__bg elementor-bg\" style=\"background-image: url(https:\/\/www.sellerpeak.net\/wp-content\/uploads\/2026\/03\/amazon-ppc-kurulum-paketi-ic-gorsel.webp);\" role=\"img\" aria-label=\"amazon-ppc-kurulum-paketi-ic-gorsel\"><\/div>\n\t\t\t\t<div class=\"elementor-cta__bg-overlay\"><\/div>\n\t\t\t<\/div>\n\t\t\t\t\t\t\t<div class=\"elementor-cta__content\">\n\t\t\t\t\n\t\t\t\t\t\t\t\t\t<h2 class=\"elementor-cta__title elementor-cta__content-item elementor-content-item\">\n\t\t\t\t\t\tAmazon Advertising (PPC) Management\t\t\t\t\t<\/h2>\n\t\t\t\t\n\t\t\t\t\t\t\t\t\t<div class=\"elementor-cta__description elementor-cta__content-item elementor-content-item\">\n\t\t\t\t\t\t<ul>\n<li>Launch and scale advertising strategies<\/li>\n<li>Keyword &amp; competitor analysis<\/li>\n<li>Campaign setups (SP \/ SB \/ SD)<\/li>\n<li>ROAS &amp; ACOS optimization<\/li>\n<li>Weekly\/monthly reporting<\/li>\n<\/ul>\t\t\t\t\t<\/div>\n\t\t\t\t\n\t\t\t\t\t\t\t\t\t<div class=\"elementor-cta__button-wrapper elementor-cta__content-item elementor-content-item\">\n\t\t\t\t\t<span class=\"elementor-cta__button elementor-button elementor-size-\">\n\t\t\t\t\t\tRead More\t\t\t\t\t<\/span>\n\t\t\t\t\t<\/div>\n\t\t\t\t\t\t\t<\/div>\n\t\t\t\t\t\t<\/a>\n\t\t\t\t\t\t<\/div>\n\t\t\t\t<div class=\"elementor-element elementor-element-4b772a3 elementor-cta--layout-image-above elementor-widget__width-initial service-card elementor-cta--skin-classic elementor-animated-content elementor-widget elementor-widget-call-to-action\" data-id=\"4b772a3\" data-element_type=\"widget\" data-e-type=\"widget\" data-widget_type=\"call-to-action.default\">\n\t\t\t\t\t\t\t<a class=\"elementor-cta\" href=\"https:\/\/www.sellerpeak.net\/en\/services\/marketplace-health-checkup-package\/\">\n\t\t\t\t\t<div class=\"elementor-cta__bg-wrapper\">\n\t\t\t\t<div class=\"elementor-cta__bg elementor-bg\" style=\"background-image: url(https:\/\/www.sellerpeak.net\/wp-content\/uploads\/2026\/02\/pazaryeri-saglik-check-up.webp);\" role=\"img\" aria-label=\"pazaryeri-saglik-check-up\"><\/div>\n\t\t\t\t<div class=\"elementor-cta__bg-overlay\"><\/div>\n\t\t\t<\/div>\n\t\t\t\t\t\t\t<div class=\"elementor-cta__content\">\n\t\t\t\t\n\t\t\t\t\t\t\t\t\t<h2 class=\"elementor-cta__title elementor-cta__content-item elementor-content-item\">\n\t\t\t\t\t\tMarketplace Health Check-Up Package\t\t\t\t\t<\/h2>\n\t\t\t\t\n\t\t\t\t\t\t\t\t\t<div class=\"elementor-cta__description elementor-cta__content-item elementor-content-item\">\n\t\t\t\t\t\t<ul>\n<li>Account performance and score analysis<\/li>\n<li>Product listing and SEO evaluation<\/li>\n<li>Pricing and competitive analysis<\/li>\n<li>Advertisement and campaign performance review<\/li>\n<li>Action plan to increase sales<\/li>\n<\/ul>\t\t\t\t\t<\/div>\n\t\t\t\t\n\t\t\t\t\t\t\t\t\t<div class=\"elementor-cta__button-wrapper elementor-cta__content-item elementor-content-item\">\n\t\t\t\t\t<span class=\"elementor-cta__button elementor-button elementor-size-\">\n\t\t\t\t\t\tRead More\t\t\t\t\t<\/span>\n\t\t\t\t\t<\/div>\n\t\t\t\t\t\t\t<\/div>\n\t\t\t\t\t\t<\/a>\n\t\t\t\t\t\t<\/div>\n\t\t\t\t<\/div>\n\t\t\t\t<\/div>\n\t\t<div id=\"e-n-tab-content-2423665742\" role=\"tabpanel\" aria-labelledby=\"e-n-tab-title-2423665742\" data-tab-index=\"2\" style=\"--n-tabs-title-order: 2;\" class=\"elementor-element elementor-element-fae7964 e-con-full e-flex e-con e-child\" data-id=\"fae7964\" data-element_type=\"container\" data-e-type=\"container\">\n\t\t<div class=\"elementor-element elementor-element-29562f9 e-con-full e-grid e-con e-child\" data-id=\"29562f9\" data-element_type=\"container\" data-e-type=\"container\">\n\t\t\t\t<div class=\"elementor-element elementor-element-8432e02 elementor-cta--layout-image-above elementor-widget__width-initial service-card elementor-cta--skin-classic elementor-animated-content elementor-widget elementor-widget-call-to-action\" data-id=\"8432e02\" data-element_type=\"widget\" data-e-type=\"widget\" data-widget_type=\"call-to-action.default\">\n\t\t\t\t\t\t\t<a class=\"elementor-cta\" href=\"https:\/\/www.sellerpeak.net\/en\/services\/obtaining-european-ioss-number\/\">\n\t\t\t\t\t<div class=\"elementor-cta__bg-wrapper\">\n\t\t\t\t<div class=\"elementor-cta__bg elementor-bg\" style=\"background-image: url(https:\/\/www.sellerpeak.net\/wp-content\/uploads\/2026\/02\/avrupada-ioss-no-alimi.webp);\" role=\"img\" aria-label=\"avrupada-ioss-no-alimi\"><\/div>\n\t\t\t\t<div class=\"elementor-cta__bg-overlay\"><\/div>\n\t\t\t<\/div>\n\t\t\t\t\t\t\t<div class=\"elementor-cta__content\">\n\t\t\t\t\n\t\t\t\t\t\t\t\t\t<h2 class=\"elementor-cta__title elementor-cta__content-item elementor-content-item\">\n\t\t\t\t\t\tObtaining European IOSS Number\t\t\t\t\t<\/h2>\n\t\t\t\t\n\t\t\t\t\t\t\t\t\t<div class=\"elementor-cta__description elementor-cta__content-item elementor-content-item\">\n\t\t\t\t\t\t<ul>\n<li>IOSS (Import One-Stop Shop) application process<\/li>\n<li>EU VAT compliance consultancy<\/li>\n<li>Preparing the necessary tax and company information.<\/li>\n<li>Official application and follow-up procedures<\/li>\n<li>Delivery of an active and valid IOSS number.<\/li>\n<\/ul>\t\t\t\t\t<\/div>\n\t\t\t\t\n\t\t\t\t\t\t\t\t\t<div class=\"elementor-cta__button-wrapper elementor-cta__content-item elementor-content-item\">\n\t\t\t\t\t<span class=\"elementor-cta__button elementor-button elementor-size-\">\n\t\t\t\t\t\tRead More\t\t\t\t\t<\/span>\n\t\t\t\t\t<\/div>\n\t\t\t\t\t\t\t<\/div>\n\t\t\t\t\t\t<\/a>\n\t\t\t\t\t\t<\/div>\n\t\t\t\t<div class=\"elementor-element elementor-element-da4b052 elementor-cta--layout-image-above elementor-widget__width-initial service-card elementor-cta--skin-classic elementor-animated-content elementor-widget elementor-widget-call-to-action\" data-id=\"da4b052\" data-element_type=\"widget\" data-e-type=\"widget\" data-widget_type=\"call-to-action.default\">\n\t\t\t\t\t\t\t<a class=\"elementor-cta\" href=\"https:\/\/www.sellerpeak.net\/en\/services\/european-vat-no-application\/\">\n\t\t\t\t\t<div class=\"elementor-cta__bg-wrapper\">\n\t\t\t\t<div class=\"elementor-cta__bg elementor-bg\" style=\"background-image: url(https:\/\/www.sellerpeak.net\/wp-content\/uploads\/2026\/02\/avrupa-vat-no-basvurusu.webp);\" role=\"img\" aria-label=\"avrupa-vat-no-basvurusu\"><\/div>\n\t\t\t\t<div class=\"elementor-cta__bg-overlay\"><\/div>\n\t\t\t<\/div>\n\t\t\t\t\t\t\t<div class=\"elementor-cta__content\">\n\t\t\t\t\n\t\t\t\t\t\t\t\t\t<h2 class=\"elementor-cta__title elementor-cta__content-item elementor-content-item\">\n\t\t\t\t\t\tEuropean VAT Number Application\t\t\t\t\t<\/h2>\n\t\t\t\t\n\t\t\t\t\t\t\t\t\t<div class=\"elementor-cta__description elementor-cta__content-item elementor-content-item\">\n\t\t\t\t\t\t<ul>\n<li>EU country valid VAT number application process<\/li>\n<li>Preparation of tax and company documents.<\/li>\n<li>Official tax office application procedures<\/li>\n<li>Process tracking and additional document management.<\/li>\n<li>Delivery of an active and valid VAT number.<\/li>\n<\/ul>\t\t\t\t\t<\/div>\n\t\t\t\t\n\t\t\t\t\t\t\t\t\t<div class=\"elementor-cta__button-wrapper elementor-cta__content-item elementor-content-item\">\n\t\t\t\t\t<span class=\"elementor-cta__button elementor-button elementor-size-\">\n\t\t\t\t\t\tRead More\t\t\t\t\t<\/span>\n\t\t\t\t\t<\/div>\n\t\t\t\t\t\t\t<\/div>\n\t\t\t\t\t\t<\/a>\n\t\t\t\t\t\t<\/div>\n\t\t\t\t<div class=\"elementor-element elementor-element-d38e1ad elementor-cta--layout-image-above elementor-widget__width-initial service-card elementor-cta--skin-classic elementor-animated-content elementor-widget elementor-widget-call-to-action\" data-id=\"d38e1ad\" data-element_type=\"widget\" data-e-type=\"widget\" data-widget_type=\"call-to-action.default\">\n\t\t\t\t\t\t\t<a class=\"elementor-cta\" href=\"https:\/\/www.sellerpeak.net\/en\/services\/brand-registration\/\">\n\t\t\t\t\t<div class=\"elementor-cta__bg-wrapper\">\n\t\t\t\t<div class=\"elementor-cta__bg elementor-bg\" style=\"background-image: url(https:\/\/www.sellerpeak.net\/wp-content\/uploads\/2026\/02\/marka-tescili.webp);\" role=\"img\" aria-label=\"marka-tescili\"><\/div>\n\t\t\t\t<div class=\"elementor-cta__bg-overlay\"><\/div>\n\t\t\t<\/div>\n\t\t\t\t\t\t\t<div class=\"elementor-cta__content\">\n\t\t\t\t\n\t\t\t\t\t\t\t\t\t<h2 class=\"elementor-cta__title elementor-cta__content-item elementor-content-item\">\n\t\t\t\t\t\tTrademark Registration\t\t\t\t\t<\/h2>\n\t\t\t\t\n\t\t\t\t\t\t\t\t\t<div class=\"elementor-cta__description elementor-cta__content-item elementor-content-item\">\n\t\t\t\t\t\t<ul>\n<li>Brand preliminary research and suitability analysis<\/li>\n<li>Classification (Nice Classification) determination<\/li>\n<li>Preparation of the official application file.<\/li>\n<li>Turkish Patent Office or related institution application process<\/li>\n<li>Registration process monitoring and trademark certificate delivery.<\/li>\n<\/ul>\t\t\t\t\t<\/div>\n\t\t\t\t\n\t\t\t\t\t\t\t\t\t<div class=\"elementor-cta__button-wrapper elementor-cta__content-item elementor-content-item\">\n\t\t\t\t\t<span class=\"elementor-cta__button elementor-button elementor-size-\">\n\t\t\t\t\t\tRead More\t\t\t\t\t<\/span>\n\t\t\t\t\t<\/div>\n\t\t\t\t\t\t\t<\/div>\n\t\t\t\t\t\t<\/a>\n\t\t\t\t\t\t<\/div>\n\t\t\t\t<div class=\"elementor-element elementor-element-9f7fe41 elementor-cta--layout-image-above elementor-widget__width-initial service-card elementor-cta--skin-classic elementor-animated-content elementor-widget elementor-widget-call-to-action\" data-id=\"9f7fe41\" data-element_type=\"widget\" data-e-type=\"widget\" data-widget_type=\"call-to-action.default\">\n\t\t\t\t\t\t\t<a class=\"elementor-cta\" href=\"https:\/\/www.sellerpeak.net\/en\/services\/epr-record-extended-producer-responsibility\/\">\n\t\t\t\t\t<div class=\"elementor-cta__bg-wrapper\">\n\t\t\t\t<div class=\"elementor-cta__bg elementor-bg\" style=\"background-image: url(https:\/\/www.sellerpeak.net\/wp-content\/uploads\/2026\/02\/epr-kayit.webp);\" role=\"img\" aria-label=\"epr-kayit\"><\/div>\n\t\t\t\t<div class=\"elementor-cta__bg-overlay\"><\/div>\n\t\t\t<\/div>\n\t\t\t\t\t\t\t<div class=\"elementor-cta__content\">\n\t\t\t\t\n\t\t\t\t\t\t\t\t\t<h2 class=\"elementor-cta__title elementor-cta__content-item elementor-content-item\">\n\t\t\t\t\t\tEPR Registration\t\t\t\t\t<\/h2>\n\t\t\t\t\n\t\t\t\t\t\t\t\t\t<div class=\"elementor-cta__description elementor-cta__content-item elementor-content-item\">\n\t\t\t\t\t\t<ul>\n<li>EPR (Extended Producer Responsibility) application process<\/li>\n<li>Country-specific legislation and category analysis.<\/li>\n<li>Preparing the necessary company and product information.<\/li>\n<li>Official registration and number acquisition processes<\/li>\n<li>Official registration and number acquisition processes<\/li>\n<\/ul>\t\t\t\t\t<\/div>\n\t\t\t\t\n\t\t\t\t\t\t\t\t\t<div class=\"elementor-cta__button-wrapper elementor-cta__content-item elementor-content-item\">\n\t\t\t\t\t<span class=\"elementor-cta__button elementor-button elementor-size-\">\n\t\t\t\t\t\tRead More\t\t\t\t\t<\/span>\n\t\t\t\t\t<\/div>\n\t\t\t\t\t\t\t<\/div>\n\t\t\t\t\t\t<\/a>\n\t\t\t\t\t\t<\/div>\n\t\t\t\t<\/div>\n\t\t\t\t<\/div>\n\t\t\t\t\t<\/div>\n\t\t<\/div>\n\t\t\t\t\t\t<\/div>\n\t\t\t\t<\/div>\n\t\t\t\t\t<\/div>\n\t\t\t\t<\/div>\n\t\t<div class=\"elementor-element elementor-element-a2f52a9 e-flex e-con-boxed e-con e-parent\" data-id=\"a2f52a9\" data-element_type=\"container\" data-e-type=\"container\" data-settings=\"{&quot;background_background&quot;:&quot;classic&quot;}\">\n\t\t\t\t\t<div class=\"e-con-inner\">\n\t\t\t\t<div class=\"elementor-element elementor-element-7b030ce elementor-widget elementor-widget-heading\" data-id=\"7b030ce\" data-element_type=\"widget\" data-e-type=\"widget\" data-widget_type=\"heading.default\">\n\t\t\t\t\t<p class=\"elementor-heading-title elementor-size-default\">24\/7 Communication<\/p>\t\t\t\t<\/div>\n\t\t\t\t<div class=\"elementor-element elementor-element-f7998dc elementor-widget elementor-widget-heading\" data-id=\"f7998dc\" data-element_type=\"widget\" data-e-type=\"widget\" data-widget_type=\"heading.default\">\n\t\t\t\t\t<h3 class=\"elementor-heading-title elementor-size-default translation-block\">Do you have any questions?\n<br>\nLet us call you<span style=\"color:#FF8000\"> right away.<\/span><\/h3>\t\t\t\t<\/div>\n\t\t\t\t<div class=\"elementor-element elementor-element-719d081 elementor-widget elementor-widget-button\" data-id=\"719d081\" data-element_type=\"widget\" data-e-type=\"widget\" data-widget_type=\"button.default\">\n\t\t\t\t\t\t\t\t\t\t<a class=\"elementor-button elementor-button-link elementor-size-sm\" href=\"https:\/\/www.sellerpeak.net\/en\/communication\/\">\n\t\t\t\t\t\t<span class=\"elementor-button-content-wrapper\">\n\t\t\t\t\t\t\t\t\t<span class=\"elementor-button-text\">Contact Us<\/span>\n\t\t\t\t\t<\/span>\n\t\t\t\t\t<\/a>\n\t\t\t\t\t\t\t\t<\/div>\n\t\t\t\t\t<\/div>\n\t\t\t\t<\/div>\n\t\t\t\t<\/div>","protected":false},"excerpt":{"rendered":"<p>Pazaryeri Hizmetleri \u015eirket Hizmetleri Amazon Sat\u0131c\u0131 Hesap A\u00e7\u0131l\u0131\u015f\u0131 H\u0131zl\u0131 ve sorunsuz hesap kurulumu Onay s&uuml;recinde profesyonel destek Global pazara g&uuml;&ccedil;l&uuml; ba\u015flang\u0131&ccedil; Riskleri minimize eden kurulum Sat\u0131\u015fa haz\u0131r, optimize edilmi\u015f hesap Devam\u0131n\u0131 Oku Amazon Hesap Y\u00f6netimi Amazon Seller Central kurulum &amp; do\u011frulama &Uuml;r&uuml;n listeleme (SEO uyumlu i&ccedil;erik) FBA \/ FBM operasyon y&ouml;netimi Hesap sa\u011fl\u0131\u011f\u0131 &amp; performans<\/p>","protected":false},"author":1,"featured_media":0,"parent":0,"menu_order":0,"comment_status":"closed","ping_status":"closed","template":"","meta":{"_acf_changed":false,"footnotes":""},"class_list":["post-9865","page","type-page","status-publish","hentry"],"acf":[],"_links":{"self":[{"href":"https:\/\/www.sellerpeak.net\/en\/wp-json\/wp\/v2\/pages\/9865","targetHints":{"allow":["GET"]}}],"collection":[{"href":"https:\/\/www.sellerpeak.net\/en\/wp-json\/wp\/v2\/pages"}],"about":[{"href":"https:\/\/www.sellerpeak.net\/en\/wp-json\/wp\/v2\/types\/page"}],"author":[{"embeddable":true,"href":"https:\/\/www.sellerpeak.net\/en\/wp-json\/wp\/v2\/users\/1"}],"replies":[{"embeddable":true,"href":"https:\/\/www.sellerpeak.net\/en\/wp-json\/wp\/v2\/comments?post=9865"}],"version-history":[{"count":13,"href":"https:\/\/www.sellerpeak.net\/en\/wp-json\/wp\/v2\/pages\/9865\/revisions"}],"predecessor-version":[{"id":10251,"href":"https:\/\/www.sellerpeak.net\/en\/wp-json\/wp\/v2\/pages\/9865\/revisions\/10251"}],"wp:attachment":[{"href":"https:\/\/www.sellerpeak.net\/en\/wp-json\/wp\/v2\/media?parent=9865"}],"curies":[{"name":"wp","href":"https:\/\/api.w.org\/{rel}","templated":true}]}}